{"id":4927,"date":"2024-04-05T15:52:06","date_gmt":"2024-04-05T12:52:06","guid":{"rendered":"https:\/\/www.okomeeter.eu\/?page_id=4927"},"modified":"2024-04-05T15:52:07","modified_gmt":"2024-04-05T12:52:07","slug":"suire-rotaking","status":"publish","type":"page","link":"https:\/\/www.okomeeter.eu\/lv\/suire-rotaking\/","title":{"rendered":"Suire Rotaking"},"content":{"rendered":"\n<div class=\"wp-block-cover is-light sisupais\"><span aria-hidden=\"true\" class=\"wp-block-cover__background has-background-dim-0 has-background-dim\"><\/span><img loading=\"lazy\" decoding=\"async\" width=\"2560\" height=\"1440\" class=\"wp-block-cover__image-background wp-image-4886\" alt=\"\" src=\"https:\/\/www.okomeeter.eu\/fld\/2023\/11\/2019-03-05-rotaking-9m30-autriche-scaled.jpg\" data-object-fit=\"cover\" srcset=\"https:\/\/www.okomeeter.eu\/fld\/2023\/11\/2019-03-05-rotaking-9m30-autriche-scaled.jpg 2560w, https:\/\/www.okomeeter.eu\/fld\/2023\/11\/2019-03-05-rotaking-9m30-autriche-300x169.jpg 300w, https:\/\/www.okomeeter.eu\/fld\/2023\/11\/2019-03-05-rotaking-9m30-autriche-1024x576.jpg 1024w, https:\/\/www.okomeeter.eu\/fld\/2023\/11\/2019-03-05-rotaking-9m30-autriche-768x432.jpg 768w, https:\/\/www.okomeeter.eu\/fld\/2023\/11\/2019-03-05-rotaking-9m30-autriche-1536x864.jpg 1536w, https:\/\/www.okomeeter.eu\/fld\/2023\/11\/2019-03-05-rotaking-9m30-autriche-2048x1152.jpg 2048w\" sizes=\"auto, (max-width: 2560px) 100vw, 2560px\" \/><div class=\"wp-block-cover__inner-container is-layout-flow wp-block-cover-is-layout-flow\">\n<h1 class=\"wp-block-heading alignfull has-text-align-center has-white-color has-text-color has-link-color wp-elements-85751149a5f4f3e98f759d3d447170ce\"><strong>Sure Rotaking rootor\u0101k\u0161\u0113 nez\u0101\u013cu apkaro\u0161anai un pavasar\u012b zemes virsk\u0101rtas atbr\u012bvo\u0161anai.<\/strong><\/h1>\n\n\n\n<div class=\"wp-block-buttons is-horizontal is-content-justification-center is-layout-flex wp-container-core-buttons-is-layout-03627597 wp-block-buttons-is-layout-flex\">\n<div class=\"wp-block-button\"><a class=\"wp-block-button__link has-black-color has-white-background-color has-text-color has-background wp-element-button\" href=\"https:\/\/www.okomeeter.eu\/lv\/kontakti\/\" style=\"border-radius:2px\">Sa\u0146emt pied\u0101v\u0101jumu<\/a><\/div>\n<\/div>\n<\/div><\/div>\n\n<div style=\"height:30px\" aria-hidden=\"true\" class=\"wp-block-spacer\"><\/div>\n\n<h3 class=\"wp-block-heading has-text-align-center\">Sure Rotaking rootor\u0101k\u0161\u0113 ir paredz\u0113ta nez\u0101\u013cu apkaro\u0161anai izs\u0113taj\u0101s vasaras kult\u016br\u0101s un pavasar\u012b zemes virsk\u0101rtas atbr\u012bvo\u0161anai un nez\u0101\u013cu apkaro\u0161anai ziemas kult\u016br\u0101s.<\/h3>\n\n<div class=\"wp-block-columns is-layout-flex wp-container-core-columns-is-layout-28f84493 wp-block-columns-is-layout-flex\">\n<div class=\"wp-block-column is-layout-flow wp-block-column-is-layout-flow\">\n<ul class=\"wp-block-list\">\n<li>Sure rootor\u0101k\u0161\u0113 ir \u012bpa\u0161i efekt\u012bvs laukuma gaisot\u0101js un nez\u0101\u013cu apkaro\u0161anas l\u012bdzeklis.<\/li>\n\n\n\n<li>\u012apa\u0161i iztur\u012bgais r\u0101mis \u013cauj str\u0101d\u0101t ar lielu \u0101trumu un darba plat\u012bbu l\u012bdz 12,4 m.<\/li>\n\n\n\n<li>Neboj\u0101 ra\u017eas dzinumus.<\/li>\n\n\n\n<li>Darba \u0101trums 10-25 km\/h.<\/li>\n\n\n\n<li>Mazs traktora sp\u0113ka un degvielas pat\u0113ri\u0146\u0161.<\/li>\n\n\n\n<li>540 mm diski katrs ir atsevi\u0161\u0137i piekarin\u0101ti, kas \u013cauj piln\u012bb\u0101 kop\u0113t laukuma virsmu.<\/li>\n<\/ul>\n<\/div>\n<\/div>\n\n<hr class=\"wp-block-separator has-text-color has-css-opacity has-background is-style-wide\" style=\"background-color:#23ab70;color:#23ab70\"\/>\n\n<div class=\"wp-block-buttons is-horizontal is-content-justification-center is-layout-flex wp-container-core-buttons-is-layout-03627597 wp-block-buttons-is-layout-flex\">\n<div class=\"wp-block-button\"><a class=\"wp-block-button__link wp-element-button\" href=\"https:\/\/www.okomeeter.eu\/lv\/kontakti\/\" style=\"border-radius:2px\">Sazinieties ar mums!<\/a><\/div>\n<\/div>\n\n<hr class=\"wp-block-separator has-text-color has-css-opacity has-background is-style-wide\" style=\"background-color:#23ab70;color:#23ab70\"\/>\n\n<div style=\"height:30px\" aria-hidden=\"true\" class=\"wp-block-spacer\"><\/div>\n\n<h1 class=\"wp-block-heading has-text-align-center\"><strong>V\u0113laties ieg\u016bt vair\u0101k inform\u0101cijas?<\/strong><\/h1>\n\n<div class=\"wp-block-columns is-layout-flex wp-container-core-columns-is-layout-28f84493 wp-block-columns-is-layout-flex\">\n<div class=\"wp-block-column is-layout-flow wp-block-column-is-layout-flow\">\n<div class=\"wp-block-media-text alignwide is-stacked-on-mobile toode\"><figure class=\"wp-block-media-text__media\"><a href=\"https:\/\/www.youtube.com\/watch?v=nQirzC0un1E\" target=\"_blank\" rel=\"noopener\"><img loading=\"lazy\" decoding=\"async\" width=\"1000\" height=\"563\" src=\"https:\/\/www.okomeeter.eu\/fld\/2021\/02\/Imageswithicons.001.jpeg\" alt=\"\" class=\"wp-image-3728 size-full\" srcset=\"https:\/\/www.okomeeter.eu\/fld\/2021\/02\/Imageswithicons.001.jpeg 1000w, https:\/\/www.okomeeter.eu\/fld\/2021\/02\/Imageswithicons.001-300x169.jpeg 300w, https:\/\/www.okomeeter.eu\/fld\/2021\/02\/Imageswithicons.001-768x432.jpeg 768w\" sizes=\"auto, (max-width: 1000px) 100vw, 1000px\" \/><\/a><\/figure><div class=\"wp-block-media-text__content\">\n<p class=\"has-large-font-size\"><a href=\"https:\/\/www.youtube.com\/watch?v=nQirzC0un1E\" target=\"_blank\" rel=\"noreferrer noopener\">Video<\/a><\/p>\n\n\n\n<div class=\"wp-block-buttons is-layout-flex wp-block-buttons-is-layout-flex\">\n<div class=\"wp-block-button\"><a class=\"wp-block-button__link wp-element-button\" href=\"https:\/\/www.youtube.com\/watch?v=nQirzC0un1E\" style=\"border-radius:2px\" target=\"_blank\" rel=\"noreferrer noopener\">Noskatieties video<\/a><\/div>\n<\/div>\n<\/div><\/div>\n<\/div>\n\n\n\n<div class=\"wp-block-column is-layout-flow wp-block-column-is-layout-flow\">\n<div class=\"wp-block-media-text alignwide is-stacked-on-mobile toode\"><figure class=\"wp-block-media-text__media\"><a href=\"https:\/\/www.okomeeter.eu\/fld\/2024\/01\/suire-price-list-2023-gb-general-compressed.pdf\"><img loading=\"lazy\" decoding=\"async\" width=\"1000\" height=\"563\" src=\"https:\/\/www.okomeeter.eu\/fld\/2021\/02\/Imageswithicons.002.jpg\" alt=\"\" class=\"wp-image-3729 size-full\" srcset=\"https:\/\/www.okomeeter.eu\/fld\/2021\/02\/Imageswithicons.002.jpg 1000w, https:\/\/www.okomeeter.eu\/fld\/2021\/02\/Imageswithicons.002-300x169.jpg 300w, https:\/\/www.okomeeter.eu\/fld\/2021\/02\/Imageswithicons.002-768x432.jpg 768w\" sizes=\"auto, (max-width: 1000px) 100vw, 1000px\" \/><\/a><\/figure><div class=\"wp-block-media-text__content\">\n<p class=\"has-large-font-size\"><a href=\"https:\/\/www.okomeeter.eu\/fld\/2024\/01\/suire-price-list-2023-gb-general-compressed.pdf\">Bros\u016bra<\/a><\/p>\n\n\n\n<div class=\"wp-block-buttons is-layout-flex wp-block-buttons-is-layout-flex\">\n<div class=\"wp-block-button\"><a class=\"wp-block-button__link wp-element-button\" href=\"https:\/\/www.okomeeter.eu\/fld\/2024\/01\/suire-price-list-2023-gb-general-compressed.pdf\" style=\"border-radius:2px\">Lejupiel\u0101d\u0113t<\/a><\/div>\n<\/div>\n<\/div><\/div>\n<\/div>\n<\/div>\n\n<h2 class=\"wp-block-heading\"><\/h2>\n\n<p><\/p>\n","protected":false},"excerpt":{"rendered":"<p>Sure Rotaking rootor\u0101k\u0161\u0113 ir paredz\u0113ta nez\u0101\u013cu apkaro\u0161anai izs\u0113taj\u0101s vasaras kult\u016br\u0101s un pavasar\u012b zemes virsk\u0101rtas atbr\u012bvo\u0161anai un nez\u0101\u013cu apkaro\u0161anai ziemas kult\u016br\u0101s. V\u0113laties ieg\u016bt vair\u0101k inform\u0101cijas? Video Bros\u016bra<\/p>\n","protected":false},"author":2,"featured_media":0,"parent":0,"menu_order":0,"comment_status":"closed","ping_status":"closed","template":"","meta":{"zakra_page_container_layout":"customizer","zakra_page_sidebar_layout":"customizer","zakra_remove_content_margin":false,"zakra_sidebar":"customizer","zakra_transparent_header":"customizer","zakra_logo":0,"zakra_main_header_style":"default","zakra_menu_item_color":"","zakra_menu_item_hover_color":"","zakra_menu_item_active_color":"","zakra_menu_active_style":"","zakra_page_header":true,"advgb_blocks_editor_width":"","advgb_blocks_columns_visual_guide":"","footnotes":""},"class_list":["post-4927","page","type-page","status-publish","hentry"],"coauthors":[],"author_meta":{"author_link":"https:\/\/www.okomeeter.eu\/lv\/author\/adm1n\/","display_name":"Jan K"},"relative_dates":{"created":"Posted 2 years ago","modified":"Updated 2 years ago"},"absolute_dates":{"created":"Posted on 05.04.2024","modified":"Updated on 05.04.2024"},"absolute_dates_time":{"created":"Posted on 05.04.2024 15:52","modified":"Updated on 05.04.2024 15:52"},"featured_img_caption":"","featured_img":false,"series_order":"","_links":{"self":[{"href":"https:\/\/www.okomeeter.eu\/lv\/wp-json\/wp\/v2\/pages\/4927","targetHints":{"allow":["GET"]}}],"collection":[{"href":"https:\/\/www.okomeeter.eu\/lv\/wp-json\/wp\/v2\/pages"}],"about":[{"href":"https:\/\/www.okomeeter.eu\/lv\/wp-json\/wp\/v2\/types\/page"}],"author":[{"embeddable":true,"href":"https:\/\/www.okomeeter.eu\/lv\/wp-json\/wp\/v2\/users\/2"}],"replies":[{"embeddable":true,"href":"https:\/\/www.okomeeter.eu\/lv\/wp-json\/wp\/v2\/comments?post=4927"}],"version-history":[{"count":10,"href":"https:\/\/www.okomeeter.eu\/lv\/wp-json\/wp\/v2\/pages\/4927\/revisions"}],"predecessor-version":[{"id":5049,"href":"https:\/\/www.okomeeter.eu\/lv\/wp-json\/wp\/v2\/pages\/4927\/revisions\/5049"}],"wp:attachment":[{"href":"https:\/\/www.okomeeter.eu\/lv\/wp-json\/wp\/v2\/media?parent=4927"}],"curies":[{"name":"wp","href":"https:\/\/api.w.org\/{rel}","templated":true}]}}