{"id":4899,"date":"2024-04-05T15:51:38","date_gmt":"2024-04-05T12:51:38","guid":{"rendered":"https:\/\/www.okomeeter.eu\/?page_id=4899"},"modified":"2024-04-05T15:51:38","modified_gmt":"2024-04-05T12:51:38","slug":"aguirre-seeders","status":"publish","type":"page","link":"https:\/\/www.okomeeter.eu\/lv\/aguirre-seeders\/","title":{"rendered":"Aguirre Seeders"},"content":{"rendered":"\n<div class=\"wp-block-cover is-light sisupais\"><span aria-hidden=\"true\" class=\"wp-block-cover__background has-background-dim-0 has-background-dim\"><\/span><img loading=\"lazy\" decoding=\"async\" width=\"2048\" height=\"1366\" class=\"wp-block-cover__image-background wp-image-4892\" alt=\"\" src=\"https:\/\/www.okomeeter.eu\/fld\/2023\/11\/sembradora-aguirre-td-600-1ab56-2048x1536-2.jpg\" data-object-fit=\"cover\" srcset=\"https:\/\/www.okomeeter.eu\/fld\/2023\/11\/sembradora-aguirre-td-600-1ab56-2048x1536-2.jpg 2048w, https:\/\/www.okomeeter.eu\/fld\/2023\/11\/sembradora-aguirre-td-600-1ab56-2048x1536-2-300x200.jpg 300w, https:\/\/www.okomeeter.eu\/fld\/2023\/11\/sembradora-aguirre-td-600-1ab56-2048x1536-2-1024x683.jpg 1024w, https:\/\/www.okomeeter.eu\/fld\/2023\/11\/sembradora-aguirre-td-600-1ab56-2048x1536-2-768x512.jpg 768w, https:\/\/www.okomeeter.eu\/fld\/2023\/11\/sembradora-aguirre-td-600-1ab56-2048x1536-2-1536x1025.jpg 1536w\" sizes=\"auto, (max-width: 2048px) 100vw, 2048px\" \/><div class=\"wp-block-cover__inner-container is-layout-flow wp-block-cover-is-layout-flow\">\n<h1 class=\"wp-block-heading alignfull has-text-align-center has-white-color has-text-color has-link-color wp-elements-2c1fa6f1c7ef553043ce722b1f0e29b2\"><strong>AGUIRRE ir liel\u0101kais kultivatoru ra\u017eot\u0101js Sp\u0101nij\u0101<\/strong><\/h1>\n\n\n\n<div class=\"wp-block-buttons is-horizontal is-content-justification-center is-layout-flex wp-container-core-buttons-is-layout-03627597 wp-block-buttons-is-layout-flex\">\n<div class=\"wp-block-button\"><a class=\"wp-block-button__link has-black-color has-white-background-color has-text-color has-background wp-element-button\" href=\"https:\/\/www.okomeeter.eu\/lv\/kontakti\/\" style=\"border-radius:2px\">Sa\u0146emt pied\u0101v\u0101jumu<\/a><\/div>\n<\/div>\n<\/div><\/div>\n\n<div style=\"height:30px\" aria-hidden=\"true\" class=\"wp-block-spacer\"><\/div>\n\n<h3 class=\"wp-block-heading has-text-align-center\">AGUIRRE ir liel\u0101kais kultivatoru ra\u017eot\u0101js Sp\u0101nij\u0101, kura produktu kl\u0101st\u0101 ir disku, plugu vai z\u0101\u0123u s\u0113\u0161anas ma\u0161\u012bnas ar darba plat\u012bbu no 3 l\u012bdz 9 metriem. Tie ir paredz\u0113ti minim\u0101lai apstr\u0101dei vai tie\u0161ai s\u0113\u0161anai.<\/h3>\n\n<div class=\"wp-block-columns is-layout-flex wp-container-core-columns-is-layout-28f84493 wp-block-columns-is-layout-flex\">\n<div class=\"wp-block-column is-layout-flow wp-block-column-is-layout-flow\">\n<ul class=\"wp-block-list\">\n<li>Maz\u0101ks degvielas pat\u0113ri\u0146\u0161, no 3,5 l\/ha.<\/li>\n\n\n\n<li>Maz\u0101ks vilces sp\u0113ka nepiecie\u0161am\u012bba \u013cauj izmantot maz\u0101ku traktoru.<\/li>\n\n\n\n<li>Zemes saspiest\u012bbas b\u016btiska samazin\u0101\u0161an\u0101s.<\/li>\n\n\n\n<li>M\u0113slojumu prec\u012bza s\u0113\u0161ana zem s\u0113klas.<\/li>\n\n\n\n<li>Pieejams ISOBUS un GPS prec\u012bzas s\u0113\u0161anas elektronika.<\/li>\n\n\n\n<li>Efekt\u012bva pneimatisk\u0101 piedzi\u0146as sist\u0113ma \u013cauj uztur\u0113t lielas s\u0113\u0161anas plat\u012bbas, saglab\u0101jot traktora zemu motora apgriezienu.<\/li>\n<\/ul>\n<\/div>\n<\/div>\n\n<hr class=\"wp-block-separator has-text-color has-css-opacity has-background is-style-wide\" style=\"background-color:#23ab70;color:#23ab70\"\/>\n\n<div class=\"wp-block-buttons is-horizontal is-content-justification-center is-layout-flex wp-container-core-buttons-is-layout-03627597 wp-block-buttons-is-layout-flex\">\n<div class=\"wp-block-button\"><a class=\"wp-block-button__link wp-element-button\" href=\"https:\/\/www.okomeeter.eu\/lv\/kontakti\/\" style=\"border-radius:2px\">Sazinieties ar mums!<\/a><\/div>\n<\/div>\n\n<hr class=\"wp-block-separator has-text-color has-css-opacity has-background is-style-wide\" style=\"background-color:#23ab70;color:#23ab70\"\/>\n\n<div style=\"height:30px\" aria-hidden=\"true\" class=\"wp-block-spacer\"><\/div>\n\n<h1 class=\"wp-block-heading has-text-align-center\"><strong>V\u0113laties ieg\u016bt vair\u0101k inform\u0101cijas?<\/strong><\/h1>\n\n<div class=\"wp-block-columns is-layout-flex wp-container-core-columns-is-layout-28f84493 wp-block-columns-is-layout-flex\">\n<div class=\"wp-block-column is-layout-flow wp-block-column-is-layout-flow\">\n<div class=\"wp-block-media-text alignwide is-stacked-on-mobile toode\"><figure class=\"wp-block-media-text__media\"><a href=\"https:\/\/www.youtube.com\/@aguirreagricola\/videos\" target=\"_blank\" rel=\"noopener\"><img loading=\"lazy\" decoding=\"async\" width=\"1000\" height=\"563\" src=\"https:\/\/www.okomeeter.eu\/fld\/2021\/02\/Imageswithicons.001.jpeg\" alt=\"\" class=\"wp-image-3728 size-full\" srcset=\"https:\/\/www.okomeeter.eu\/fld\/2021\/02\/Imageswithicons.001.jpeg 1000w, https:\/\/www.okomeeter.eu\/fld\/2021\/02\/Imageswithicons.001-300x169.jpeg 300w, https:\/\/www.okomeeter.eu\/fld\/2021\/02\/Imageswithicons.001-768x432.jpeg 768w\" sizes=\"auto, (max-width: 1000px) 100vw, 1000px\" \/><\/a><\/figure><div class=\"wp-block-media-text__content\">\n<p class=\"has-large-font-size\"><a href=\"https:\/\/www.youtube.com\/@aguirreagricola\/videos\" target=\"_blank\" rel=\"noreferrer noopener\">Video<\/a><\/p>\n\n\n\n<div class=\"wp-block-buttons is-layout-flex wp-block-buttons-is-layout-flex\">\n<div class=\"wp-block-button\"><a class=\"wp-block-button__link wp-element-button\" href=\"https:\/\/www.youtube.com\/@aguirreagricola\/videos\" style=\"border-radius:2px\" target=\"_blank\" rel=\"noreferrer noopener\">Noskatieties video<\/a><\/div>\n<\/div>\n<\/div><\/div>\n<\/div>\n\n\n\n<div class=\"wp-block-column is-layout-flow wp-block-column-is-layout-flow\">\n<div class=\"wp-block-media-text alignwide is-stacked-on-mobile toode\"><figure class=\"wp-block-media-text__media\"><a href=\"https:\/\/www.okomeeter.eu\/fld\/2024\/01\/tarifa-ingles-2022-sembradoras.pdf\" target=\"_blank\" rel=\"noopener\"><img loading=\"lazy\" decoding=\"async\" width=\"1000\" height=\"563\" src=\"https:\/\/www.okomeeter.eu\/fld\/2021\/02\/Imageswithicons.002.jpg\" alt=\"\" class=\"wp-image-3729 size-full\" srcset=\"https:\/\/www.okomeeter.eu\/fld\/2021\/02\/Imageswithicons.002.jpg 1000w, https:\/\/www.okomeeter.eu\/fld\/2021\/02\/Imageswithicons.002-300x169.jpg 300w, https:\/\/www.okomeeter.eu\/fld\/2021\/02\/Imageswithicons.002-768x432.jpg 768w\" sizes=\"auto, (max-width: 1000px) 100vw, 1000px\" \/><\/a><\/figure><div class=\"wp-block-media-text__content\">\n<p class=\"has-large-font-size\"><a href=\"https:\/\/www.okomeeter.eu\/fld\/2024\/01\/tarifa-ingles-2022-sembradoras.pdf\" target=\"_blank\" data-type=\"URL\" rel=\"noreferrer noopener\">Bros\u016bras<\/a><\/p>\n\n\n\n<div class=\"wp-block-buttons is-layout-flex wp-block-buttons-is-layout-flex\">\n<div class=\"wp-block-button\"><a class=\"wp-block-button__link wp-element-button\" href=\"https:\/\/www.okomeeter.eu\/fld\/2024\/01\/tarifa-ingles-2022-sembradoras.pdf\" style=\"border-radius:2px\" target=\"_blank\" rel=\"noreferrer noopener\">L\u0101d\u0113t lejup 2023<\/a><\/div>\n\n\n\n<div class=\"wp-block-button\"><a class=\"wp-block-button__link wp-element-button\" href=\"https:\/\/www.okomeeter.eu\/fld\/2023\/11\/catalogo-general-ingles-2022.pdf\" style=\"border-radius:2px\" target=\"_blank\" rel=\"noreferrer noopener\">L\u0101d\u0113t lejup 2022<\/a><\/div>\n<\/div>\n<\/div><\/div>\n<\/div>\n<\/div>\n\n<h2 class=\"wp-block-heading\"><\/h2>\n\n<p><\/p>\n","protected":false},"excerpt":{"rendered":"<p>AGUIRRE ir liel\u0101kais kultivatoru ra\u017eot\u0101js Sp\u0101nij\u0101, kura produktu kl\u0101st\u0101 ir disku, plugu vai z\u0101\u0123u s\u0113\u0161anas ma\u0161\u012bnas ar darba plat\u012bbu no 3 l\u012bdz 9 metriem. Tie ir paredz\u0113ti minim\u0101lai apstr\u0101dei vai tie\u0161ai s\u0113\u0161anai. V\u0113laties ieg\u016bt vair\u0101k inform\u0101cijas? Video Bros\u016bras<\/p>\n","protected":false},"author":2,"featured_media":0,"parent":0,"menu_order":0,"comment_status":"closed","ping_status":"closed","template":"","meta":{"zakra_page_container_layout":"customizer","zakra_page_sidebar_layout":"customizer","zakra_remove_content_margin":false,"zakra_sidebar":"customizer","zakra_transparent_header":"customizer","zakra_logo":0,"zakra_main_header_style":"default","zakra_menu_item_color":"","zakra_menu_item_hover_color":"","zakra_menu_item_active_color":"","zakra_menu_active_style":"","zakra_page_header":true,"advgb_blocks_editor_width":"","advgb_blocks_columns_visual_guide":"","footnotes":""},"class_list":["post-4899","page","type-page","status-publish","hentry"],"coauthors":[],"author_meta":{"author_link":"https:\/\/www.okomeeter.eu\/lv\/author\/adm1n\/","display_name":"Jan K"},"relative_dates":{"created":"Posted 2 years ago","modified":"Updated 2 years ago"},"absolute_dates":{"created":"Posted on 05.04.2024","modified":"Updated on 05.04.2024"},"absolute_dates_time":{"created":"Posted on 05.04.2024 15:51","modified":"Updated on 05.04.2024 15:51"},"featured_img_caption":"","featured_img":false,"series_order":"","_links":{"self":[{"href":"https:\/\/www.okomeeter.eu\/lv\/wp-json\/wp\/v2\/pages\/4899","targetHints":{"allow":["GET"]}}],"collection":[{"href":"https:\/\/www.okomeeter.eu\/lv\/wp-json\/wp\/v2\/pages"}],"about":[{"href":"https:\/\/www.okomeeter.eu\/lv\/wp-json\/wp\/v2\/types\/page"}],"author":[{"embeddable":true,"href":"https:\/\/www.okomeeter.eu\/lv\/wp-json\/wp\/v2\/users\/2"}],"replies":[{"embeddable":true,"href":"https:\/\/www.okomeeter.eu\/lv\/wp-json\/wp\/v2\/comments?post=4899"}],"version-history":[{"count":8,"href":"https:\/\/www.okomeeter.eu\/lv\/wp-json\/wp\/v2\/pages\/4899\/revisions"}],"predecessor-version":[{"id":5048,"href":"https:\/\/www.okomeeter.eu\/lv\/wp-json\/wp\/v2\/pages\/4899\/revisions\/5048"}],"wp:attachment":[{"href":"https:\/\/www.okomeeter.eu\/lv\/wp-json\/wp\/v2\/media?parent=4899"}],"curies":[{"name":"wp","href":"https:\/\/api.w.org\/{rel}","templated":true}]}}