{"id":4232,"date":"2021-04-19T15:01:42","date_gmt":"2021-04-19T12:01:42","guid":{"rendered":"https:\/\/www.okomeeter.eu\/crimperroller\/"},"modified":"2021-05-07T11:39:31","modified_gmt":"2021-05-07T08:39:31","slug":"crimperroller","status":"publish","type":"page","link":"https:\/\/www.okomeeter.eu\/lv\/crimperroller\/","title":{"rendered":"CrimperRoller"},"content":{"rendered":"\n<div class=\"wp-block-cover sisupais\"><img loading=\"lazy\" decoding=\"async\" width=\"2500\" height=\"1656\" class=\"wp-block-cover__image-background wp-image-4234\" alt=\"\" src=\"https:\/\/www.okomeeter.eu\/fld\/2021\/03\/DSC_0448.jpg\" data-object-fit=\"cover\" srcset=\"https:\/\/www.okomeeter.eu\/fld\/2021\/03\/DSC_0448.jpg 2500w, https:\/\/www.okomeeter.eu\/fld\/2021\/03\/DSC_0448-300x199.jpg 300w, https:\/\/www.okomeeter.eu\/fld\/2021\/03\/DSC_0448-1024x678.jpg 1024w, https:\/\/www.okomeeter.eu\/fld\/2021\/03\/DSC_0448-768x509.jpg 768w, https:\/\/www.okomeeter.eu\/fld\/2021\/03\/DSC_0448-1536x1017.jpg 1536w, https:\/\/www.okomeeter.eu\/fld\/2021\/03\/DSC_0448-2048x1357.jpg 2048w\" sizes=\"auto, (max-width: 2500px) 100vw, 2500px\" \/><div class=\"wp-block-cover__inner-container is-layout-flow wp-block-cover-is-layout-flow\">\n<h1 class=\"has-text-align-center wp-block-heading\"><strong>Za\u013c\u0101s masas jaun\u0101s paaudzes velt\u0146i<\/strong><\/h1>\n\n\n\n<div class=\"wp-block-buttons is-content-justification-center is-layout-flex wp-block-buttons-is-layout-flex\">\n<div class=\"wp-block-button\"><a class=\"wp-block-button__link has-black-color has-white-background-color has-text-color has-background\" href=\"https:\/\/www.okomeeter.eu\/lv\/kontakti\/\" style=\"border-radius:2px\">Sa\u0146emt pied\u0101v\u0101jumu<\/a><\/div>\n<\/div>\n<\/div><\/div>\n\n<div style=\"height:30px\" aria-hidden=\"true\" class=\"wp-block-spacer\"><\/div>\n\n<h3 class=\"has-text-align-center wp-block-heading\">CrimperRoller mul\u010d\u0113 za\u013cm\u0113slojuma augus un apstr\u0101d\u0101 augsnes virsmu atbilsto\u0161i j\u016bsu vajadz\u012bb\u0101m.<\/h3>\n\n<div class=\"wp-block-columns is-layout-flex wp-container-core-columns-is-layout-28f84493 wp-block-columns-is-layout-flex\">\n<div class=\"wp-block-column is-layout-flow wp-block-column-is-layout-flow\">\n<p class=\"has-text-align-center\">Ar V-veida na\u017eu pal\u012bdz\u012bbu, kas atrodas uz velt\u0146a, tiek sasmalcin\u0101ti augi, t\u0101d\u0113j\u0101di apturot to aug\u0161anu. Mul\u010da labi aizkav\u0113 nez\u0101\u013cu att\u012bst\u012bbu un uzlabo augsnes strukt\u016bru, bar\u012bbas vielu saturu, k\u0101 ar\u012b saglab\u0101 augsnes mitrumu. Meh\u0101nisko apstr\u0101di var uzlabot v\u0113l vair\u0101k, piepildot veltni ar \u016bdeni, lai ieg\u016btu papildu svaru.<\/p>\n<\/div>\n<\/div>\n\n<hr class=\"wp-block-separator has-text-color has-background is-style-wide\" style=\"background-color:#23ab70;color:#23ab70\"\/>\n\n<div style=\"height:30px\" aria-hidden=\"true\" class=\"wp-block-spacer\"><\/div>\n\n<div class=\"wp-block-columns hd is-layout-flex wp-container-core-columns-is-layout-28f84493 wp-block-columns-is-layout-flex\">\n<div class=\"wp-block-column is-layout-flow wp-block-column-is-layout-flow\">\n<div class=\"wp-block-media-text alignwide is-stacked-on-mobile ikoon\" style=\"grid-template-columns:15% auto\"><figure class=\"wp-block-media-text__media\"><img loading=\"lazy\" decoding=\"async\" width=\"115\" height=\"102\" src=\"https:\/\/www.okomeeter.eu\/fld\/2021\/02\/Blad_orange.png\" alt=\"\" class=\"wp-image-4165 size-full\"\/><\/figure><div class=\"wp-block-media-text__content\">\n<p class=\"has-normal-font-size\">Piem\u0113roti visu veidu za\u013cm\u0113slojuma, virsaugu un citu stiebrz\u0101\u013cu mul\u010d\u0113\u0161anai.<\/p>\n<\/div><\/div>\n\n\n\n<div class=\"wp-block-media-text alignwide is-stacked-on-mobile ikoon\" style=\"grid-template-columns:15% auto\"><figure class=\"wp-block-media-text__media\"><img loading=\"lazy\" decoding=\"async\" width=\"132\" height=\"100\" src=\"https:\/\/www.okomeeter.eu\/fld\/2021\/02\/Hand_orange.png\" alt=\"\" class=\"wp-image-4169 size-full\"\/><\/figure><div class=\"wp-block-media-text__content\">\n<p class=\"has-normal-font-size\">Za\u013cm\u0113slojuma mul\u010da lieliski tiek gal\u0101 ar nez\u0101l\u0113m un saglab\u0101 augsnes mitruma l\u012bmeni.<\/p>\n<\/div><\/div>\n\n\n\n<div class=\"wp-block-media-text alignwide is-stacked-on-mobile ikoon\" style=\"grid-template-columns:15% auto\"><figure class=\"wp-block-media-text__media\"><img loading=\"lazy\" decoding=\"async\" width=\"110\" height=\"104\" src=\"https:\/\/www.okomeeter.eu\/fld\/2021\/02\/Jordglob_orange.png\" alt=\"\" class=\"wp-image-4212 size-full\"\/><\/figure><div class=\"wp-block-media-text__content\">\n<p>Ekonomiski un videi draudz\u012bgi.<\/p>\n<\/div><\/div>\n<\/div>\n\n\n\n<div class=\"wp-block-column is-layout-flow wp-block-column-is-layout-flow\">\n<div class=\"wp-block-media-text alignwide is-stacked-on-mobile ikoon\" style=\"grid-template-columns:15% auto\"><figure class=\"wp-block-media-text__media\"><img loading=\"lazy\" decoding=\"async\" width=\"84\" height=\"117\" src=\"https:\/\/www.okomeeter.eu\/fld\/2021\/02\/Glodlampa_orange.png\" alt=\"\" class=\"wp-image-4210 size-full\"\/><\/figure><div class=\"wp-block-media-text__content\">\n<p>Var izmantot ar tie\u0161o s\u0113ju vai kop\u0101 ar KvickFinn kultivatoru.<\/p>\n<\/div><\/div>\n\n\n\n<div class=\"wp-block-media-text alignwide is-stacked-on-mobile ikoon\" style=\"grid-template-columns:15% auto\"><figure class=\"wp-block-media-text__media\"><img loading=\"lazy\" decoding=\"async\" width=\"116\" height=\"113\" src=\"https:\/\/www.okomeeter.eu\/fld\/2021\/02\/Natur_orange.png\" alt=\"\" class=\"wp-image-4167 size-full\"\/><\/figure><div class=\"wp-block-media-text__content\">\n<p>Za\u013cm\u0113slojuma mul\u010da \u0101tri sadal\u0101s, uzlabojot augsnes strukt\u016bru un oglek\u013ca saturu.<\/p>\n<\/div><\/div>\n\n\n\n<div class=\"wp-block-media-text alignwide is-stacked-on-mobile ikoon\" style=\"grid-template-columns:15% auto\"><figure class=\"wp-block-media-text__media\"><img loading=\"lazy\" decoding=\"async\" width=\"113\" height=\"84\" src=\"https:\/\/www.okomeeter.eu\/fld\/2021\/02\/Traktor_orange.png\" alt=\"\" class=\"wp-image-4216 size-full\"\/><\/figure><div class=\"wp-block-media-text__content\">\n<p>Liels darba \u0101trums \u013cauj apstr\u0101d\u0101t lielas plat\u012bbas.<\/p>\n<\/div><\/div>\n<\/div>\n<\/div>\n\n<hr class=\"wp-block-separator has-text-color has-background is-style-wide\" style=\"background-color:#23ab70;color:#23ab70\"\/>\n\n<div style=\"height:30px\" aria-hidden=\"true\" class=\"wp-block-spacer\"><\/div>\n\n<div class=\"wp-block-columns is-layout-flex wp-container-core-columns-is-layout-28f84493 wp-block-columns-is-layout-flex\">\n<div class=\"wp-block-column is-layout-flow wp-block-column-is-layout-flow\"><figure class=\"wp-block-embed aligncenter is-type-video is-provider-youtube wp-block-embed-youtube wp-embed-aspect-16-9 wp-has-aspect-ratio\"><div class=\"wp-block-embed__wrapper\">\r\n<div class=\"zak-oembed-container\"><iframe loading=\"lazy\" title=\"CrimperRoller in high green manure crop\" width=\"812\" height=\"457\" src=\"https:\/\/www.youtube.com\/embed\/jrnacfqAM4E?feature=oembed\" frameborder=\"0\" allow=\"accelerometer; autoplay; clipboard-write; encrypted-media; gyroscope; picture-in-picture\" allowfullscreen><\/iframe><\/div>\r\n<\/div><\/figure>\r\n<\/div>\n<\/div>\n\n<div class=\"wp-block-buttons is-content-justification-center is-layout-flex wp-block-buttons-is-layout-flex\">\n<div class=\"wp-block-button\"><a class=\"wp-block-button__link\" href=\"https:\/\/www.okomeeter.eu\/lv\/kontakti\/\" style=\"border-radius:2px\">Sazin\u0101ties ar mums<\/a><\/div>\n<\/div>\n\n<hr class=\"wp-block-separator has-text-color has-background is-style-wide\" style=\"background-color:#23ab70;color:#23ab70\"\/>\n\n<div style=\"height:30px\" aria-hidden=\"true\" class=\"wp-block-spacer\"><\/div>\n\n<h1 class=\"has-text-align-center wp-block-heading\"><strong>V\u0113lies ieg\u016bt vair\u0101k inform\u0101cijas?<\/strong><\/h1>\n\n<div class=\"wp-block-columns is-layout-flex wp-container-core-columns-is-layout-28f84493 wp-block-columns-is-layout-flex\">\n<div class=\"wp-block-column is-layout-flow wp-block-column-is-layout-flow\">\n<div class=\"wp-block-media-text alignwide is-stacked-on-mobile toode\"><figure class=\"wp-block-media-text__media\"><a href=\"https:\/\/www.youtube.com\/results?search_query=Lyckeg%C3%A5rd%20CrimperRoller\" target=\"_blank\" rel=\"noopener\"><img loading=\"lazy\" decoding=\"async\" width=\"1000\" height=\"662\" src=\"https:\/\/www.okomeeter.eu\/fld\/2021\/03\/DSC_0643.psdNYvideo.jpg\" alt=\"\" class=\"wp-image-4236 size-full\" srcset=\"https:\/\/www.okomeeter.eu\/fld\/2021\/03\/DSC_0643.psdNYvideo.jpg 1000w, https:\/\/www.okomeeter.eu\/fld\/2021\/03\/DSC_0643.psdNYvideo-300x199.jpg 300w, https:\/\/www.okomeeter.eu\/fld\/2021\/03\/DSC_0643.psdNYvideo-768x508.jpg 768w\" sizes=\"auto, (max-width: 1000px) 100vw, 1000px\" \/><\/a><\/figure><div class=\"wp-block-media-text__content\">\n<p class=\"has-large-font-size\"><a href=\"https:\/\/www.youtube.com\/results?search_query=Lyckeg%C3%A5rd%20CrimperRoller\" target=\"_blank\" rel=\"noreferrer noopener\">Video<\/a><\/p>\n\n\n\n<div class=\"wp-block-buttons is-layout-flex wp-block-buttons-is-layout-flex\">\n<div class=\"wp-block-button\"><a class=\"wp-block-button__link\" href=\"https:\/\/www.youtube.com\/results?search_query=Lyckeg%C3%A5rd%20CrimperRoller\" style=\"border-radius:2px\" target=\"_blank\" rel=\"noreferrer noopener\">Noskaties video<\/a><\/div>\n<\/div>\n<\/div><\/div>\n<\/div>\n\n\n\n<div class=\"wp-block-column is-layout-flow wp-block-column-is-layout-flow\">\n<div class=\"wp-block-media-text alignwide is-stacked-on-mobile toode\"><figure class=\"wp-block-media-text__media\"><a href=\"https:\/\/www.okomeeter.eu\/fld\/2021\/02\/CrimperRoller_broschure_2020-Eng.pdf\" target=\"_blank\" rel=\"noopener\"><img loading=\"lazy\" decoding=\"async\" width=\"1000\" height=\"662\" src=\"https:\/\/www.okomeeter.eu\/fld\/2021\/03\/DSC_0643.jpgNYbroschyr.jpg\" alt=\"\" class=\"wp-image-4238 size-full\" srcset=\"https:\/\/www.okomeeter.eu\/fld\/2021\/03\/DSC_0643.jpgNYbroschyr.jpg 1000w, https:\/\/www.okomeeter.eu\/fld\/2021\/03\/DSC_0643.jpgNYbroschyr-300x199.jpg 300w, https:\/\/www.okomeeter.eu\/fld\/2021\/03\/DSC_0643.jpgNYbroschyr-768x508.jpg 768w\" sizes=\"auto, (max-width: 1000px) 100vw, 1000px\" \/><\/a><\/figure><div class=\"wp-block-media-text__content\">\n<p class=\"has-large-font-size\"><a href=\"https:\/\/www.okomeeter.eu\/fld\/2021\/04\/crimperroller-broschure-2020-lv.pdf\" data-type=\"URL\" target=\"_blank\" rel=\"noreferrer noopener\">Bro\u0161\u016bra<\/a><\/p>\n\n\n\n<div class=\"wp-block-buttons is-layout-flex wp-block-buttons-is-layout-flex\">\n<div class=\"wp-block-button\"><a class=\"wp-block-button__link\" href=\"https:\/\/www.okomeeter.eu\/fld\/2021\/04\/crimperroller-broschure-2020-lv.pdf\" style=\"border-radius:2px\" target=\"_blank\" rel=\"noreferrer noopener\">Lejupiel\u0101d\u0113t<\/a><\/div>\n<\/div>\n<\/div><\/div>\n<\/div>\n<\/div>\n","protected":false},"excerpt":{"rendered":"<p>CrimperRoller mul\u010d\u0113 za\u013cm\u0113slojuma augus un apstr\u0101d\u0101 augsnes virsmu atbilsto\u0161i j\u016bsu vajadz\u012bb\u0101m. Ar V-veida na\u017eu pal\u012bdz\u012bbu, kas atrodas uz velt\u0146a, tiek sasmalcin\u0101ti augi, t\u0101d\u0113j\u0101di apturot to aug\u0161anu. Mul\u010da labi aizkav\u0113 nez\u0101\u013cu att\u012bst\u012bbu un uzlabo augsnes strukt\u016bru, bar\u012bbas vielu saturu, k\u0101 ar\u012b saglab\u0101 augsnes mitrumu. Meh\u0101nisko apstr\u0101di var uzlabot v\u0113l vair\u0101k, piepildot veltni ar \u016bdeni, lai ieg\u016btu [&hellip;]<\/p>\n","protected":false},"author":2,"featured_media":0,"parent":0,"menu_order":0,"comment_status":"closed","ping_status":"closed","template":"","meta":{"zakra_page_container_layout":"customizer","zakra_page_sidebar_layout":"customizer","zakra_remove_content_margin":false,"zakra_sidebar":"customizer","zakra_transparent_header":"customizer","zakra_logo":0,"zakra_main_header_style":"default","zakra_menu_item_color":"","zakra_menu_item_hover_color":"","zakra_menu_item_active_color":"","zakra_menu_active_style":"","zakra_page_header":true,"advgb_blocks_editor_width":"","advgb_blocks_columns_visual_guide":"","footnotes":""},"class_list":["post-4232","page","type-page","status-publish","hentry"],"coauthors":[],"author_meta":{"author_link":"https:\/\/www.okomeeter.eu\/lv\/author\/adm1n\/","display_name":"Jan K"},"relative_dates":{"created":"Posted 5 years ago","modified":"Updated 5 years ago"},"absolute_dates":{"created":"Posted on 19.04.2021","modified":"Updated on 07.05.2021"},"absolute_dates_time":{"created":"Posted on 19.04.2021 15:01","modified":"Updated on 07.05.2021 11:39"},"featured_img_caption":"","featured_img":false,"series_order":"","_links":{"self":[{"href":"https:\/\/www.okomeeter.eu\/lv\/wp-json\/wp\/v2\/pages\/4232","targetHints":{"allow":["GET"]}}],"collection":[{"href":"https:\/\/www.okomeeter.eu\/lv\/wp-json\/wp\/v2\/pages"}],"about":[{"href":"https:\/\/www.okomeeter.eu\/lv\/wp-json\/wp\/v2\/types\/page"}],"author":[{"embeddable":true,"href":"https:\/\/www.okomeeter.eu\/lv\/wp-json\/wp\/v2\/users\/2"}],"replies":[{"embeddable":true,"href":"https:\/\/www.okomeeter.eu\/lv\/wp-json\/wp\/v2\/comments?post=4232"}],"version-history":[{"count":7,"href":"https:\/\/www.okomeeter.eu\/lv\/wp-json\/wp\/v2\/pages\/4232\/revisions"}],"predecessor-version":[{"id":4381,"href":"https:\/\/www.okomeeter.eu\/lv\/wp-json\/wp\/v2\/pages\/4232\/revisions\/4381"}],"wp:attachment":[{"href":"https:\/\/www.okomeeter.eu\/lv\/wp-json\/wp\/v2\/media?parent=4232"}],"curies":[{"name":"wp","href":"https:\/\/api.w.org\/{rel}","templated":true}]}}