{"id":4620,"date":"2022-02-09T13:06:51","date_gmt":"2022-02-09T11:06:51","guid":{"rendered":"https:\/\/www.okomeeter.eu\/system-cameleon\/"},"modified":"2022-02-09T13:06:52","modified_gmt":"2022-02-09T11:06:52","slug":"system-cameleon","status":"publish","type":"page","link":"https:\/\/www.okomeeter.eu\/lt\/system-cameleon\/","title":{"rendered":"System Cameleon"},"content":{"rendered":"\n<div class=\"wp-block-cover sisupais\"><img loading=\"lazy\" decoding=\"async\" width=\"2560\" height=\"1440\" class=\"wp-block-cover__image-background wp-image-4621\" alt=\"\" src=\"https:\/\/www.okomeeter.eu\/fld\/2021\/05\/system-cameleon.png\" data-object-fit=\"cover\" srcset=\"https:\/\/www.okomeeter.eu\/fld\/2021\/05\/system-cameleon.png 2560w, https:\/\/www.okomeeter.eu\/fld\/2021\/05\/system-cameleon-300x169.png 300w, https:\/\/www.okomeeter.eu\/fld\/2021\/05\/system-cameleon-1024x576.png 1024w, https:\/\/www.okomeeter.eu\/fld\/2021\/05\/system-cameleon-768x432.png 768w, https:\/\/www.okomeeter.eu\/fld\/2021\/05\/system-cameleon-1536x864.png 1536w, https:\/\/www.okomeeter.eu\/fld\/2021\/05\/system-cameleon-2048x1152.png 2048w\" sizes=\"auto, (max-width: 2560px) 100vw, 2560px\" \/><div class=\"wp-block-cover__inner-container is-layout-flow wp-block-cover-is-layout-flow\">\n<h1 class=\"alignfull has-text-align-center wp-block-heading\"><strong>Intensyvus \u016bkininkavimas be pesticid\u0173<\/strong><\/h1>\n\n\n\n<div class=\"wp-block-buttons is-content-justification-center is-layout-flex wp-block-buttons-is-layout-flex\">\n<div class=\"wp-block-button\"><a class=\"wp-block-button__link has-black-color has-white-background-color has-text-color has-background\" href=\"https:\/\/www.okomeeter.eu\/lt\/kontaktai\/\" style=\"border-radius:2px\">Teiraukit\u0117s pasi\u016blymo<\/a><\/div>\n<\/div>\n<\/div><\/div>\n\n<div style=\"height:30px\" aria-hidden=\"true\" class=\"wp-block-spacer\"><\/div>\n\n<h3 class=\"has-text-align-center wp-block-heading\">Visus j\u016bs\u0173 poreikius patenkinanti sistema<\/h3>\n\n<div class=\"wp-block-columns is-layout-flex wp-container-core-columns-is-layout-28f84493 wp-block-columns-is-layout-flex\">\n<div class=\"wp-block-column is-layout-flow wp-block-column-is-layout-flow\">\n<p class=\"has-text-align-center\">\u012eranga \u201eSystem Cameleon\u201c yra sukurta siekiant pasi\u016blyti daugiau lankstumo ir s\u0117kmingo \u016bkininkavimo galimybi\u0173 nenaudojant pesticid\u0173. \u0160i sistema yra daugiau nei tik s\u0117jamoji. \u012erenginys yra pritaikytas dirbti tarp eili\u0173, tod\u0117l gali b\u016bti naudojamas i\u0161dygusi\u0173 kult\u016brini\u0173 augal\u0173 tarpueiliuose. Tai rei\u0161kia, kad sistema pakei\u010dia kelis \u012frenginius, j\u0105 galima naudoti visi\u0161kai nauja paskirtimi, pavyzd\u017eiui, tr\u0119\u0161ti tarpueilius.<\/p>\n\n\n\n<p class=\"has-text-align-center\">Naudojamas kaip s\u0117jamoji, \u012frenginys s\u0117ja tiksliu tarpueiliu, o tai leid\u017eia kaupti arba naikinti pikt\u017eoles tiksliai tarp eili\u0173, ar\u010diau prie augal\u0173 nei \u012fprastai. Palyginus su tradicin\u0117mis technologijomis, sistema pasi\u017eymi ma\u017eomis eksploatavimo s\u0105naudomis, maksimaliu tikslumu ir didesniu na\u0161umu.<\/p>\n\n\n\n<p class=\"has-text-align-center\"><em>D\u0117l naujovi\u0161ko m\u0105stymo galime pasi\u016blyti unikali\u0105 modulin\u0119 koncepcij\u0105. Pristatome \u201eSystem Cameleon\u201c.<\/em><\/p>\n<\/div>\n<\/div>\n\n<hr class=\"wp-block-separator has-text-color has-background is-style-wide\" style=\"background-color:#23ab70;color:#23ab70\"\/>\n\n<div style=\"height:30px\" aria-hidden=\"true\" class=\"wp-block-spacer\"><\/div>\n\n<h2 class=\"has-text-align-center wp-block-heading\">Moderniausia ekologinio \u016bkininkavimo sistema<\/h2>\n\n<p class=\"has-text-align-center\">Palyginus su konkurentais, pasiekiami geresni rezultatai d\u0117l azoto mineralizacij\u0105 u\u017etikrinan\u010dio tikslaus tr\u0105\u0161\u0173 \u012fterpimo ir intensyvaus tarpueili\u0173 kultivavimo.<\/p>\n\n<p class=\"has-text-align-center\">\u012erenginyje \u201eSystem Cameleon\u201c dera tikslus s\u0117kl\u0173 \u012fterpimas ir ma\u017eas galios poreikis. S\u0117jai, tr\u0119\u0161imui ir tarpueili\u0173 kultivavimui skirtam 8 m \u201eSystem Cameleon\u201c paprastai pakanka 160 AG traktoriaus.<\/p>\n\n<p class=\"has-text-align-center\">Tai tik dalis privalum\u0173, d\u0117l kuri\u0173 \u201eSystem Cameleon\u201c yra moderniausia \u016bkininkavimo sistema su suma\u017eintu (arba ne) pesticid\u0173 naudojimu.<\/p>\n\n<hr class=\"wp-block-separator has-text-color has-background is-style-wide\" style=\"background-color:#23ab70;color:#23ab70\"\/>\n\n<div style=\"height:30px\" aria-hidden=\"true\" class=\"wp-block-spacer\"><\/div>\n\n<h2 class=\"has-text-align-center wp-block-heading\">I\u0161 ar\u010diau susipa\u017einkite su \u201eSystem Cameleon\u201c.<\/h2>\n\n<div class=\"wp-block-columns is-layout-flex wp-container-core-columns-is-layout-28f84493 wp-block-columns-is-layout-flex\">\n<div class=\"wp-block-column is-layout-flow wp-block-column-is-layout-flow\">\n<figure class=\"wp-block-embed aligncenter is-type-video is-provider-youtube wp-block-embed-youtube wp-embed-aspect-16-9 wp-has-aspect-ratio\"><div class=\"wp-block-embed__wrapper\">\n<div class=\"zak-oembed-container\"><iframe loading=\"lazy\" title=\"System Cameleon NEW animation\" width=\"812\" height=\"457\" src=\"https:\/\/www.youtube.com\/embed\/qok010xkXdg?feature=oembed\" frameborder=\"0\" allow=\"accelerometer; autoplay; clipboard-write; encrypted-media; gyroscope; picture-in-picture\" allowfullscreen><\/iframe><\/div>\n<\/div><\/figure>\n<\/div>\n\n\n\n<div class=\"wp-block-column is-layout-flow wp-block-column-is-layout-flow\">\n<figure class=\"wp-block-embed aligncenter is-type-video is-provider-youtube wp-block-embed-youtube wp-embed-aspect-16-9 wp-has-aspect-ratio\"><div class=\"wp-block-embed__wrapper\">\n<div class=\"zak-oembed-container\"><iframe loading=\"lazy\" title=\"Gothia Redskap och Cameleon \u2013\u00a0ett exempel p\u00e5 innovation\" width=\"812\" height=\"457\" src=\"https:\/\/www.youtube.com\/embed\/XquesjClFy0?feature=oembed\" frameborder=\"0\" allow=\"accelerometer; autoplay; clipboard-write; encrypted-media; gyroscope; picture-in-picture\" allowfullscreen><\/iframe><\/div>\n<\/div><\/figure>\n<\/div>\n<\/div>\n\n<hr class=\"wp-block-separator has-text-color has-background is-style-wide\" style=\"background-color:#23ab70;color:#23ab70\"\/>\n\n<div style=\"height:30px\" aria-hidden=\"true\" class=\"wp-block-spacer\"><\/div>\n\n<h2 class=\"has-text-align-center wp-block-heading\">Mes \u017einome, kad s\u0105lygos da\u017enai kei\u010diasi, tod\u0117l m\u016bs\u0173 sistema yra modulin\u0117<\/h2>\n\n<div class=\"wp-block-columns is-layout-flex wp-container-core-columns-is-layout-28f84493 wp-block-columns-is-layout-flex\">\n<div class=\"wp-block-column is-layout-flow wp-block-column-is-layout-flow\">\n<p>D\u0117l modulin\u0117s konstrukcijos sistem\u0105 galima atnaujinti. Tai leis jums geriau panaudoti investicijas ir neatsilikti nuo technologij\u0173 nekei\u010diant \u012frengini\u0173.<\/p>\n<\/div>\n\n\n\n<div class=\"wp-block-column is-layout-flow wp-block-column-is-layout-flow\">\n<p>Viename \u012frenginyje \u012fvairi\u0173 moduli\u0173 deriniai sukuria sinergij\u0105 ir naujas \u016bkininkavimo galimybes. Pavyzd\u017eiui: tarpueili\u0173 tr\u0119\u0161imas, s\u0117ja, ak\u0117jimas ir pikt\u017eoli\u0173 naikinimas.<\/p>\n<\/div>\n<\/div>\n\n<div class=\"wp-block-image\"><figure class=\"aligncenter size-large\"><img loading=\"lazy\" decoding=\"async\" width=\"1024\" height=\"868\" src=\"https:\/\/www.okomeeter.eu\/fld\/2021\/05\/moodulid-1024x868.jpg\" alt=\"\" class=\"wp-image-4624\" srcset=\"https:\/\/www.okomeeter.eu\/fld\/2021\/05\/moodulid-1024x868.jpg 1024w, https:\/\/www.okomeeter.eu\/fld\/2021\/05\/moodulid-300x254.jpg 300w, https:\/\/www.okomeeter.eu\/fld\/2021\/05\/moodulid-768x651.jpg 768w, https:\/\/www.okomeeter.eu\/fld\/2021\/05\/moodulid.jpg 1030w\" sizes=\"auto, (max-width: 1024px) 100vw, 1024px\" \/><\/figure><\/div>\n\n<div class=\"wp-block-buttons is-content-justification-center is-layout-flex wp-block-buttons-is-layout-flex\">\n<div class=\"wp-block-button\"><a class=\"wp-block-button__link\" href=\"https:\/\/www.okomeeter.eu\/lt\/kontaktai\/\" style=\"border-radius:2px\">Susisiekite su mumis<\/a><\/div>\n<\/div>\n\n<hr class=\"wp-block-separator has-text-color has-background is-style-wide\" style=\"background-color:#23ab70;color:#23ab70\"\/>\n\n<div style=\"height:30px\" aria-hidden=\"true\" class=\"wp-block-spacer\"><\/div>\n\n<h2 class=\"has-text-align-center wp-block-heading\">Didelis tr\u0119\u0161imo greitis ir naujovi\u0161kas b\u016bdas taupo s\u0105naudas<\/h2>\n\n<p>\u012erenginio \u201eSystem Cameleon\u201c pagalba galima optimizuoti tr\u0105\u0161\u0173 poveik\u012f net ir naudojant ilgai veikian\u010dias granuliuotas tr\u0105\u0161as arba \u012fprastas sintetines NPK tr\u0105\u0161as.<\/p>\n\n<p>\u012erenginio s\u0117jos ir tr\u0119\u0161imo modulis su tarpueiliu sistema sukuria nauj\u0105 \u017eemdirbyst\u0117s b\u016bd\u0105 \u2013 tarpueili\u0173 tr\u0119\u0161im\u0105. Ruden\u012f pas\u0117tus pas\u0117lius pavasar\u012f galima tr\u0119\u0161ti beriant tr\u0105\u0161as \u012f dr\u0117gn\u0105 dirv\u0105 tarpueiliuose. \u0160is prana\u0161umas \u017eiemken\u010di\u0173 pas\u0117liams suteikia pana\u0161\u0173 azoto poveik\u012f, kaip ir pavasarini\u0173 augal\u0173 tr\u0119\u0161imas.<\/p>\n\n<div style=\"height:60px\" aria-hidden=\"true\" class=\"wp-block-spacer\"><\/div>\n\n<div class=\"wp-block-columns is-layout-flex wp-container-core-columns-is-layout-28f84493 wp-block-columns-is-layout-flex\">\n<div class=\"wp-block-column is-layout-flow wp-block-column-is-layout-flow\">\n<div class=\"wp-block-columns is-layout-flex wp-container-core-columns-is-layout-28f84493 wp-block-columns-is-layout-flex\">\n<div class=\"wp-block-column is-layout-flow wp-block-column-is-layout-flow\">\n<h3 class=\"wp-block-heading\">AUTOMATIN\u0116 TARPUEILI\u0172 \u017dEM\u0116S DIRBIMO SISTEMA<\/h3>\n<\/div>\n<\/div>\n\n\n\n<p><strong>Sistema \u201eCameleon\u201c gali b\u016bti komplektuojama su automatine tarpueili\u0173 \u017eem\u0117s dirbimo sistema. Tai leid\u017eia labai tiksliai \u012fdirbti pas\u0117li\u0173 tarpueili\u0173 dirv\u0105.<\/strong><\/p>\n\n\n\n<p>Tarpueili\u0173 sistemos veikimas yra pagr\u012fstas vaizdo kamera, kuri stebi eiles ir perduoda informacij\u0105 kompiuteriui, kuris valdo \u012frengin\u012f tarp eili\u0173.<\/p>\n\n\n\n<p>Kad prastovos b\u016bt\u0173 kuo ma\u017eesn\u0117s, \u012frengin\u012f galima greitai perjungti i\u0161 s\u0117jos \u012f purenimo re\u017eim\u0105, hidrauliniu b\u016bdu nustatant r\u0117m\u0105 \u012f vien\u0105 pus\u0119. \u012erenginiu galima pavasar\u012f tr\u0119\u0161ti ruden\u012f pas\u0117tus augalus, dideliu tikslumu i\u0161ak\u0117ti pikt\u017eoles, purenti dirvos pavir\u0161i\u0173 ir naikinti pikt\u017eoles tarpueiliuose. Taip pat juo tarp esam\u0173 eili\u0173 galima s\u0117ti naujas kult\u016bras. Tai suteikia unikalias galimybes padidinti ekonomin\u012f \u016bkininkavimo efektyvum\u0105.<\/p>\n<\/div>\n\n\n\n<div class=\"wp-block-column is-layout-flow wp-block-column-is-layout-flow\">\n<div class=\"wp-block-columns is-layout-flex wp-container-core-columns-is-layout-28f84493 wp-block-columns-is-layout-flex\">\n<div class=\"wp-block-column is-layout-flow wp-block-column-is-layout-flow\">\n<h3 class=\"wp-block-heading\">TINKAMAI \u012eTERPKITE TR\u0104\u0160AS IR PADIDINKITE DERLI\u0172<\/h3>\n\n\n\n<p><strong>\u012erenginys itin parankus \u012f dr\u0117gn\u0105 dirv\u0105 organin\u0117ms ir kitoms ma\u017eiau tirpioms tr\u0105\u0161oms \u012fterpti.<\/strong><\/p>\n\n\n\n<p>Norint, kad vykt\u0173 mineralizacijos procesas, \u0161ioms tr\u0105\u0161oms yra reikalinga dr\u0117gm\u0117 ir s\u0105lytis su dirvo\u017eemiu. Pla\u010diai taikomas arba tradicinis \u012fterpimas \u012f dirvo\u017eem\u012f reikalauja gausi\u0173 krituli\u0173. Esant sausoms oro s\u0105lygomis brangi\u0173 tr\u0105\u0161\u0173 poveikis visi\u0161kai i\u0161nyksta. Jeigu tr\u0105\u0161os yra \u012fterpiamos giliai \u012f dr\u0117gn\u0105 dirv\u0105, mineralizacijos procesas nuo lietaus nepriklauso.<\/p>\n\n\n\n<p>Galingas \u201eCameleon\u201c kultivatorius supurena dirv\u0105 ir praturtina j\u0105 oru, pagreitina mineralizacijos proces\u0105 ir u\u017etikrina optimalias s\u0105lygas pas\u0117liams. \u012edirbant tarpueiliuose dirv\u0105 yra u\u017etikrinama pas\u0117li\u0173 dirvo\u017eemio azoto mineralizacija \u2013 tai padidina derli\u0173 ir suma\u017eina tr\u0105\u0161\u0173 i\u0161plovim\u0105.<\/p>\n<\/div>\n<\/div>\n<\/div>\n<\/div>\n\n<div class=\"wp-block-image\"><figure class=\"aligncenter size-large\"><img loading=\"lazy\" decoding=\"async\" width=\"1024\" height=\"318\" src=\"https:\/\/www.okomeeter.eu\/fld\/2021\/05\/vaetamine-enne-kylvamist-1024x318.jpg\" alt=\"\" class=\"wp-image-4627\" srcset=\"https:\/\/www.okomeeter.eu\/fld\/2021\/05\/vaetamine-enne-kylvamist-1024x318.jpg 1024w, https:\/\/www.okomeeter.eu\/fld\/2021\/05\/vaetamine-enne-kylvamist-300x93.jpg 300w, https:\/\/www.okomeeter.eu\/fld\/2021\/05\/vaetamine-enne-kylvamist-768x239.jpg 768w, https:\/\/www.okomeeter.eu\/fld\/2021\/05\/vaetamine-enne-kylvamist.jpg 1275w\" sizes=\"auto, (max-width: 1024px) 100vw, 1024px\" \/><\/figure><\/div>\n\n<hr class=\"wp-block-separator has-text-color has-background is-style-wide\" style=\"background-color:#23ab70;color:#23ab70\"\/>\n\n<div style=\"height:30px\" aria-hidden=\"true\" class=\"wp-block-spacer\"><\/div>\n\n<h1 class=\"has-text-align-center wp-block-heading\"><strong>Pageidaujate daugiau informacijos?<\/strong><\/h1>\n\n<div class=\"wp-block-columns is-layout-flex wp-container-core-columns-is-layout-28f84493 wp-block-columns-is-layout-flex\">\n<div class=\"wp-block-column is-layout-flow wp-block-column-is-layout-flow\">\n<div class=\"wp-block-media-text alignwide is-stacked-on-mobile toode\"><figure class=\"wp-block-media-text__media\"><a href=\"https:\/\/www.youtube.com\/results?search_query=System+Cameleon\" target=\"_blank\" rel=\"noopener\"><img loading=\"lazy\" decoding=\"async\" width=\"1000\" height=\"563\" src=\"https:\/\/www.okomeeter.eu\/fld\/2021\/02\/Imageswithicons.001.jpeg\" alt=\"\" class=\"wp-image-4566 size-full\" srcset=\"https:\/\/www.okomeeter.eu\/fld\/2021\/02\/Imageswithicons.001.jpeg 1000w, https:\/\/www.okomeeter.eu\/fld\/2021\/02\/Imageswithicons.001-300x169.jpeg 300w, https:\/\/www.okomeeter.eu\/fld\/2021\/02\/Imageswithicons.001-768x432.jpeg 768w\" sizes=\"auto, (max-width: 1000px) 100vw, 1000px\" \/><\/a><\/figure><div class=\"wp-block-media-text__content\">\n<p class=\"has-large-font-size\"><a href=\"https:\/\/www.youtube.com\/results?search_query=System+Cameleon\" target=\"_blank\" rel=\"noreferrer noopener\">Vaizdo \u012fra\u0161as<\/a><\/p>\n\n\n\n<div class=\"wp-block-buttons is-layout-flex wp-block-buttons-is-layout-flex\">\n<div class=\"wp-block-button\"><a class=\"wp-block-button__link\" href=\"https:\/\/www.youtube.com\/results?search_query=System+Cameleon\" style=\"border-radius:2px\" target=\"_blank\" rel=\"noreferrer noopener\">\u017di\u016br\u0117ti vaizdo \u012fra\u0161us<\/a><\/div>\n<\/div>\n<\/div><\/div>\n<\/div>\n\n\n\n<div class=\"wp-block-column is-layout-flow wp-block-column-is-layout-flow\">\n<div class=\"wp-block-media-text alignwide is-stacked-on-mobile toode\"><figure class=\"wp-block-media-text__media\"><a href=\"https:\/\/www.okomeeter.eu\/fld\/2021\/05\/brochure-estonian-compressed.pdf\" target=\"_blank\" rel=\"noopener\"><img loading=\"lazy\" decoding=\"async\" width=\"1000\" height=\"563\" src=\"https:\/\/www.okomeeter.eu\/fld\/2021\/02\/Imageswithicons.002.jpg\" alt=\"\" class=\"wp-image-4569 size-full\" srcset=\"https:\/\/www.okomeeter.eu\/fld\/2021\/02\/Imageswithicons.002.jpg 1000w, https:\/\/www.okomeeter.eu\/fld\/2021\/02\/Imageswithicons.002-300x169.jpg 300w, https:\/\/www.okomeeter.eu\/fld\/2021\/02\/Imageswithicons.002-768x432.jpg 768w\" sizes=\"auto, (max-width: 1000px) 100vw, 1000px\" \/><\/a><\/figure><div class=\"wp-block-media-text__content\">\n<p class=\"has-large-font-size\"><a href=\"https:\/\/www.okomeeter.eu\/fld\/2021\/05\/brochure-estonian-compressed.pdf\" data-type=\"URL\" target=\"_blank\" rel=\"noreferrer noopener\">Bro\u0161i\u016bra<\/a><\/p>\n\n\n\n<div class=\"wp-block-buttons is-layout-flex wp-block-buttons-is-layout-flex\">\n<div class=\"wp-block-button\"><a class=\"wp-block-button__link\" href=\"https:\/\/www.okomeeter.eu\/fld\/2021\/05\/brochure-estonian-compressed.pdf\" style=\"border-radius:2px\" target=\"_blank\" rel=\"noreferrer noopener\">Parsisi\u0173sti<\/a><\/div>\n<\/div>\n<\/div><\/div>\n<\/div>\n<\/div>\n\n<h2 class=\"wp-block-heading\"><\/h2>\n\n<p><\/p>\n","protected":false},"excerpt":{"rendered":"<p>Visus j\u016bs\u0173 poreikius patenkinanti sistema \u012eranga \u201eSystem Cameleon\u201c yra sukurta siekiant pasi\u016blyti daugiau lankstumo ir s\u0117kmingo \u016bkininkavimo galimybi\u0173 nenaudojant pesticid\u0173. \u0160i sistema yra daugiau nei tik s\u0117jamoji. \u012erenginys yra pritaikytas dirbti tarp eili\u0173, tod\u0117l gali b\u016bti naudojamas i\u0161dygusi\u0173 kult\u016brini\u0173 augal\u0173 tarpueiliuose. Tai rei\u0161kia, kad sistema pakei\u010dia kelis \u012frenginius, j\u0105 galima naudoti visi\u0161kai nauja paskirtimi, pavyzd\u017eiui, [&hellip;]<\/p>\n","protected":false},"author":2,"featured_media":0,"parent":0,"menu_order":0,"comment_status":"closed","ping_status":"closed","template":"","meta":{"zakra_page_container_layout":"customizer","zakra_page_sidebar_layout":"customizer","zakra_remove_content_margin":false,"zakra_sidebar":"customizer","zakra_transparent_header":"customizer","zakra_logo":0,"zakra_main_header_style":"default","zakra_menu_item_color":"","zakra_menu_item_hover_color":"","zakra_menu_item_active_color":"","zakra_menu_active_style":"","zakra_page_header":true,"advgb_blocks_editor_width":"","advgb_blocks_columns_visual_guide":"","footnotes":""},"class_list":["post-4620","page","type-page","status-publish","hentry"],"coauthors":[],"author_meta":{"author_link":"https:\/\/www.okomeeter.eu\/lt\/author\/adm1n\/","display_name":"Jan K"},"relative_dates":{"created":"Posted 4 metai ago","modified":"Updated 4 metai ago"},"absolute_dates":{"created":"Posted on 09.02.2022","modified":"Updated on 09.02.2022"},"absolute_dates_time":{"created":"Posted on 09.02.2022 13:06","modified":"Updated on 09.02.2022 13:06"},"featured_img_caption":"","featured_img":false,"series_order":"","_links":{"self":[{"href":"https:\/\/www.okomeeter.eu\/lt\/wp-json\/wp\/v2\/pages\/4620","targetHints":{"allow":["GET"]}}],"collection":[{"href":"https:\/\/www.okomeeter.eu\/lt\/wp-json\/wp\/v2\/pages"}],"about":[{"href":"https:\/\/www.okomeeter.eu\/lt\/wp-json\/wp\/v2\/types\/page"}],"author":[{"embeddable":true,"href":"https:\/\/www.okomeeter.eu\/lt\/wp-json\/wp\/v2\/users\/2"}],"replies":[{"embeddable":true,"href":"https:\/\/www.okomeeter.eu\/lt\/wp-json\/wp\/v2\/comments?post=4620"}],"version-history":[{"count":1,"href":"https:\/\/www.okomeeter.eu\/lt\/wp-json\/wp\/v2\/pages\/4620\/revisions"}],"predecessor-version":[{"id":4633,"href":"https:\/\/www.okomeeter.eu\/lt\/wp-json\/wp\/v2\/pages\/4620\/revisions\/4633"}],"wp:attachment":[{"href":"https:\/\/www.okomeeter.eu\/lt\/wp-json\/wp\/v2\/media?parent=4620"}],"curies":[{"name":"wp","href":"https:\/\/api.w.org\/{rel}","templated":true}]}}