{"id":4537,"date":"2022-02-09T13:06:44","date_gmt":"2022-02-09T11:06:44","guid":{"rendered":"https:\/\/www.okomeeter.eu\/produktai\/"},"modified":"2024-03-07T08:17:34","modified_gmt":"2024-03-07T06:17:34","slug":"produktai","status":"publish","type":"page","link":"https:\/\/www.okomeeter.eu\/lt\/produktai\/","title":{"rendered":"Produktai"},"content":{"rendered":"\n<h2 class=\"wp-block-heading has-text-align-center\">Ekologi\u0161kiems \u016bkininkams aplinkai draugi\u0161kos pikt\u017eoli\u0173 naikinimo sprendimai.<\/h2>\n\n<div class=\"wp-block-columns is-layout-flex wp-container-core-columns-is-layout-28f84493 wp-block-columns-is-layout-flex\">\n<div class=\"wp-block-column is-layout-flow wp-block-column-is-layout-flow\">\n<div class=\"wp-block-media-text alignwide is-stacked-on-mobile toode\"><figure class=\"wp-block-media-text__media\"><a href=\"https:\/\/www.okomeeter.eu\/lt\/combcut\/\"><img loading=\"lazy\" decoding=\"async\" width=\"1000\" height=\"666\" src=\"https:\/\/www.okomeeter.eu\/fld\/2021\/02\/DSC_0214.jpg\" alt=\"\" class=\"wp-image-3601 size-full\" srcset=\"https:\/\/www.okomeeter.eu\/fld\/2021\/02\/DSC_0214.jpg 1000w, https:\/\/www.okomeeter.eu\/fld\/2021\/02\/DSC_0214-300x200.jpg 300w, https:\/\/www.okomeeter.eu\/fld\/2021\/02\/DSC_0214-768x511.jpg 768w\" sizes=\"auto, (max-width: 1000px) 100vw, 1000px\" \/><\/a><\/figure><div class=\"wp-block-media-text__content\">\n<p class=\"has-large-font-size\"><strong><a href=\"https:\/\/www.okomeeter.eu\/lt\/combcut\/\" data-type=\"page\" data-id=\"3678\">CombCut<\/a><\/strong><\/p>\n<\/div><\/div>\n<\/div>\n\n\n\n<div class=\"wp-block-column is-layout-flow wp-block-column-is-layout-flow\">\n<div class=\"wp-block-media-text alignwide is-stacked-on-mobile toode\"><figure class=\"wp-block-media-text__media\"><a href=\"https:\/\/www.okomeeter.eu\/lt\/crimperroller\/\"><img loading=\"lazy\" decoding=\"async\" width=\"1000\" height=\"667\" src=\"https:\/\/www.okomeeter.eu\/fld\/2021\/02\/DSC_0293.jpg\" alt=\"\" class=\"wp-image-3688 size-full\" srcset=\"https:\/\/www.okomeeter.eu\/fld\/2021\/02\/DSC_0293.jpg 1000w, https:\/\/www.okomeeter.eu\/fld\/2021\/02\/DSC_0293-300x200.jpg 300w, https:\/\/www.okomeeter.eu\/fld\/2021\/02\/DSC_0293-768x512.jpg 768w\" sizes=\"auto, (max-width: 1000px) 100vw, 1000px\" \/><\/a><\/figure><div class=\"wp-block-media-text__content\">\n<p class=\"has-large-font-size\"><strong><a href=\"https:\/\/www.okomeeter.eu\/lt\/crimperroller\/\" data-type=\"page\" data-id=\"3683\">CrimperRoller<\/a><\/strong><\/p>\n<\/div><\/div>\n<\/div>\n<\/div>\n\n<div class=\"wp-block-columns is-layout-flex wp-container-core-columns-is-layout-28f84493 wp-block-columns-is-layout-flex\">\n<div class=\"wp-block-column is-layout-flow wp-block-column-is-layout-flow\">\n<div class=\"wp-block-media-text alignwide is-stacked-on-mobile toode\"><figure class=\"wp-block-media-text__media\"><img loading=\"lazy\" decoding=\"async\" width=\"1000\" height=\"666\" src=\"https:\/\/www.okomeeter.eu\/fld\/2021\/02\/IMG_4879.jpg\" alt=\"\" class=\"wp-image-3604 size-full\" srcset=\"https:\/\/www.okomeeter.eu\/fld\/2021\/02\/IMG_4879.jpg 1000w, https:\/\/www.okomeeter.eu\/fld\/2021\/02\/IMG_4879-300x200.jpg 300w, https:\/\/www.okomeeter.eu\/fld\/2021\/02\/IMG_4879-768x511.jpg 768w\" sizes=\"auto, (max-width: 1000px) 100vw, 1000px\" \/><\/figure><div class=\"wp-block-media-text__content\">\n<p class=\"has-large-font-size\"><strong><a href=\"https:\/\/www.okomeeter.eu\/lt\/kvickfinn\/\" data-type=\"page\" data-id=\"3681\">KvickFinn<\/a><\/strong><\/p>\n<\/div><\/div>\n<\/div>\n\n\n\n<div class=\"wp-block-column is-layout-flow wp-block-column-is-layout-flow\">\n<div class=\"wp-block-media-text alignwide is-stacked-on-mobile toode\"><figure class=\"wp-block-media-text__media\"><a href=\"https:\/\/www.okomeeter.eu\/lt\/bionalan\/\"><img loading=\"lazy\" decoding=\"async\" width=\"1000\" height=\"666\" src=\"https:\/\/www.okomeeter.eu\/fld\/2021\/02\/BionalanNy_Beskard.jpg\" alt=\"\" class=\"wp-image-3600 size-full\" srcset=\"https:\/\/www.okomeeter.eu\/fld\/2021\/02\/BionalanNy_Beskard.jpg 1000w, https:\/\/www.okomeeter.eu\/fld\/2021\/02\/BionalanNy_Beskard-300x200.jpg 300w, https:\/\/www.okomeeter.eu\/fld\/2021\/02\/BionalanNy_Beskard-768x511.jpg 768w\" sizes=\"auto, (max-width: 1000px) 100vw, 1000px\" \/><\/a><\/figure><div class=\"wp-block-media-text__content\">\n<p class=\"has-large-font-size\"><strong><a href=\"https:\/\/www.okomeeter.eu\/lt\/bionalan\/\" data-type=\"page\" data-id=\"3685\">Bionalan<\/a><\/strong><\/p>\n<\/div><\/div>\n<\/div>\n<\/div>\n\n<div class=\"wp-block-columns is-layout-flex wp-container-core-columns-is-layout-28f84493 wp-block-columns-is-layout-flex\">\n<div class=\"wp-block-column is-layout-flow wp-block-column-is-layout-flow\">\n<div class=\"wp-block-media-text alignwide is-stacked-on-mobile toode\"><figure class=\"wp-block-media-text__media\"><a href=\"https:\/\/www.okomeeter.eu\/lt\/system-cameleon\/\"><img loading=\"lazy\" decoding=\"async\" width=\"1024\" height=\"683\" src=\"https:\/\/www.okomeeter.eu\/fld\/2021\/05\/system-cameleon-1-1024x683.png\" alt=\"\" class=\"wp-image-4393 size-full\" srcset=\"https:\/\/www.okomeeter.eu\/fld\/2021\/05\/system-cameleon-1-1024x683.png 1024w, https:\/\/www.okomeeter.eu\/fld\/2021\/05\/system-cameleon-1-300x200.png 300w, https:\/\/www.okomeeter.eu\/fld\/2021\/05\/system-cameleon-1-768x512.png 768w, https:\/\/www.okomeeter.eu\/fld\/2021\/05\/system-cameleon-1.png 1230w\" sizes=\"auto, (max-width: 1024px) 100vw, 1024px\" \/><\/a><\/figure><div class=\"wp-block-media-text__content\">\n<p class=\"has-large-font-size\"><strong><a href=\"https:\/\/www.okomeeter.eu\/lt\/system-cameleon\/\" data-type=\"page\" data-id=\"4277\">System Cameleon<\/a><\/strong><\/p>\n<\/div><\/div>\n<\/div>\n\n\n\n<div class=\"wp-block-column is-layout-flow wp-block-column-is-layout-flow\">\n<div class=\"wp-block-media-text alignwide is-stacked-on-mobile toode\"><figure class=\"wp-block-media-text__media\"><a href=\"https:\/\/www.okomeeter.eu\/lt\/?page_id=4900\"><img loading=\"lazy\" decoding=\"async\" width=\"1024\" height=\"683\" src=\"https:\/\/www.okomeeter.eu\/fld\/2023\/11\/sembradora-aguirre-td-600-1ab56-2048x1536-2-1024x683.jpg\" alt=\"\" class=\"wp-image-4892 size-full\" srcset=\"https:\/\/www.okomeeter.eu\/fld\/2023\/11\/sembradora-aguirre-td-600-1ab56-2048x1536-2-1024x683.jpg 1024w, https:\/\/www.okomeeter.eu\/fld\/2023\/11\/sembradora-aguirre-td-600-1ab56-2048x1536-2-300x200.jpg 300w, https:\/\/www.okomeeter.eu\/fld\/2023\/11\/sembradora-aguirre-td-600-1ab56-2048x1536-2-768x512.jpg 768w, https:\/\/www.okomeeter.eu\/fld\/2023\/11\/sembradora-aguirre-td-600-1ab56-2048x1536-2-1536x1025.jpg 1536w, https:\/\/www.okomeeter.eu\/fld\/2023\/11\/sembradora-aguirre-td-600-1ab56-2048x1536-2.jpg 2048w\" sizes=\"auto, (max-width: 1024px) 100vw, 1024px\" \/><\/a><\/figure><div class=\"wp-block-media-text__content\">\n<p class=\"has-large-font-size\"><strong><a href=\"https:\/\/www.okomeeter.eu\/lt\/?page_id=4900\" data-type=\"page\" data-id=\"4898\">Aguirre Seeders<\/a><\/strong><\/p>\n<\/div><\/div>\n<\/div>\n<\/div>\n\n<div class=\"wp-block-columns is-layout-flex wp-container-core-columns-is-layout-28f84493 wp-block-columns-is-layout-flex\">\n<div class=\"wp-block-column is-layout-flow wp-block-column-is-layout-flow\">\n<div class=\"wp-block-media-text alignwide is-stacked-on-mobile toode\"><figure class=\"wp-block-media-text__media\"><a href=\"https:\/\/www.okomeeter.eu\/lt\/?page_id=4928\"><img loading=\"lazy\" decoding=\"async\" width=\"1024\" height=\"576\" src=\"https:\/\/www.okomeeter.eu\/fld\/2023\/11\/2019-03-05-rotaking-9m30-autriche-1024x576.jpg\" alt=\"\" class=\"wp-image-4886 size-full\" srcset=\"https:\/\/www.okomeeter.eu\/fld\/2023\/11\/2019-03-05-rotaking-9m30-autriche-1024x576.jpg 1024w, https:\/\/www.okomeeter.eu\/fld\/2023\/11\/2019-03-05-rotaking-9m30-autriche-300x169.jpg 300w, https:\/\/www.okomeeter.eu\/fld\/2023\/11\/2019-03-05-rotaking-9m30-autriche-768x432.jpg 768w, https:\/\/www.okomeeter.eu\/fld\/2023\/11\/2019-03-05-rotaking-9m30-autriche-1536x864.jpg 1536w, https:\/\/www.okomeeter.eu\/fld\/2023\/11\/2019-03-05-rotaking-9m30-autriche-2048x1152.jpg 2048w\" sizes=\"auto, (max-width: 1024px) 100vw, 1024px\" \/><\/a><\/figure><div class=\"wp-block-media-text__content\">\n<p class=\"has-large-font-size\"><strong><a href=\"https:\/\/www.okomeeter.eu\/lt\/?page_id=4928\" data-type=\"page\" data-id=\"4926\">Suire Rotaking<\/a><\/strong><\/p>\n<\/div><\/div>\n<\/div>\n\n\n\n<div class=\"wp-block-column is-layout-flow wp-block-column-is-layout-flow\"><\/div>\n<\/div>\n","protected":false},"excerpt":{"rendered":"<p>Ekologi\u0161kiems \u016bkininkams aplinkai draugi\u0161kos pikt\u017eoli\u0173 naikinimo sprendimai. CombCut CrimperRoller KvickFinn Bionalan System Cameleon Aguirre Seeders Suire Rotaking<\/p>\n","protected":false},"author":2,"featured_media":0,"parent":0,"menu_order":0,"comment_status":"closed","ping_status":"closed","template":"","meta":{"zakra_page_container_layout":"customizer","zakra_page_sidebar_layout":"customizer","zakra_remove_content_margin":false,"zakra_sidebar":"customizer","zakra_transparent_header":"customizer","zakra_logo":0,"zakra_main_header_style":"default","zakra_menu_item_color":"","zakra_menu_item_hover_color":"","zakra_menu_item_active_color":"","zakra_menu_active_style":"","zakra_page_header":true,"advgb_blocks_editor_width":"","advgb_blocks_columns_visual_guide":"","footnotes":""},"class_list":["post-4537","page","type-page","status-publish","hentry"],"coauthors":[],"author_meta":{"author_link":"https:\/\/www.okomeeter.eu\/lt\/author\/adm1n\/","display_name":"Jan K"},"relative_dates":{"created":"Posted 4 metai ago","modified":"Updated 2 metai ago"},"absolute_dates":{"created":"Posted on 09.02.2022","modified":"Updated on 07.03.2024"},"absolute_dates_time":{"created":"Posted on 09.02.2022 13:06","modified":"Updated on 07.03.2024 08:17"},"featured_img_caption":"","featured_img":false,"series_order":"","_links":{"self":[{"href":"https:\/\/www.okomeeter.eu\/lt\/wp-json\/wp\/v2\/pages\/4537","targetHints":{"allow":["GET"]}}],"collection":[{"href":"https:\/\/www.okomeeter.eu\/lt\/wp-json\/wp\/v2\/pages"}],"about":[{"href":"https:\/\/www.okomeeter.eu\/lt\/wp-json\/wp\/v2\/types\/page"}],"author":[{"embeddable":true,"href":"https:\/\/www.okomeeter.eu\/lt\/wp-json\/wp\/v2\/users\/2"}],"replies":[{"embeddable":true,"href":"https:\/\/www.okomeeter.eu\/lt\/wp-json\/wp\/v2\/comments?post=4537"}],"version-history":[{"count":4,"href":"https:\/\/www.okomeeter.eu\/lt\/wp-json\/wp\/v2\/pages\/4537\/revisions"}],"predecessor-version":[{"id":5009,"href":"https:\/\/www.okomeeter.eu\/lt\/wp-json\/wp\/v2\/pages\/4537\/revisions\/5009"}],"wp:attachment":[{"href":"https:\/\/www.okomeeter.eu\/lt\/wp-json\/wp\/v2\/media?parent=4537"}],"curies":[{"name":"wp","href":"https:\/\/api.w.org\/{rel}","templated":true}]}}