{"id":4514,"date":"2022-02-09T13:06:44","date_gmt":"2022-02-09T11:06:44","guid":{"rendered":"https:\/\/www.okomeeter.eu\/apie-bendrove\/"},"modified":"2022-02-10T11:44:59","modified_gmt":"2022-02-10T09:44:59","slug":"apie-bendrove","status":"publish","type":"page","link":"https:\/\/www.okomeeter.eu\/lt\/apie-bendrove\/","title":{"rendered":"Apie bendrov\u0119"},"content":{"rendered":"\n<div class=\"wp-block-cover alignwide fifty\"><img loading=\"lazy\" decoding=\"async\" width=\"2500\" height=\"1667\" class=\"wp-block-cover__image-background wp-image-4515\" alt=\"\" src=\"https:\/\/www.okomeeter.eu\/fld\/2021\/02\/agriculture-arable-barley-265216.jpg\" data-object-fit=\"cover\" srcset=\"https:\/\/www.okomeeter.eu\/fld\/2021\/02\/agriculture-arable-barley-265216.jpg 2500w, https:\/\/www.okomeeter.eu\/fld\/2021\/02\/agriculture-arable-barley-265216-300x200.jpg 300w, https:\/\/www.okomeeter.eu\/fld\/2021\/02\/agriculture-arable-barley-265216-1024x683.jpg 1024w, https:\/\/www.okomeeter.eu\/fld\/2021\/02\/agriculture-arable-barley-265216-768x512.jpg 768w, https:\/\/www.okomeeter.eu\/fld\/2021\/02\/agriculture-arable-barley-265216-1536x1024.jpg 1536w, https:\/\/www.okomeeter.eu\/fld\/2021\/02\/agriculture-arable-barley-265216-2048x1366.jpg 2048w\" sizes=\"auto, (max-width: 2500px) 100vw, 2500px\" \/><div class=\"wp-block-cover__inner-container is-layout-flow wp-block-cover-is-layout-flow\">\n<p class=\"has-text-align-center has-large-font-size\"><\/p>\n\n\n\n<p class=\"has-text-align-center has-large-font-size\"><\/p>\n<\/div><\/div>\n\n<h1 class=\"has-text-align-center hd wp-block-heading\">Apie bendrov\u0119<\/h1>\n\n<p class=\"has-text-align-center hd\">Nuo 2012 m. veikian\u010dios bendrov\u0117s \u201e\u00d6komeeter O\u00dc\u201c tikslas yra ekologiniams \u016bkiams pasi\u016blyti tvarius pikt\u017eoli\u0173 naikinimo sprendimus. Pirmieji si\u016blomi produktai buvo \u0161vedo Jono Carlssono i\u0161rasta pjovykl\u0117 \u201eCombCut\u201c ir suomio Boriso Lindgardo sukonstruotas ekologiniams \u016bkiams skirtas kultivatorius \u201eKvick-Finn\u201c. Pirmaisiais bendrov\u0117s veiklos metais Estijos \u016bkininkai \u012fsigijo tris \u017eoliapjoves ir du ekologi\u0161kus kultivatorius<\/p>\n\n<div style=\"height:50px\" aria-hidden=\"true\" class=\"wp-block-spacer\"><\/div>\n\n<hr class=\"wp-block-separator has-text-color has-background\" style=\"background-color:#1b794a;color:#1b794a\"\/>\n\n<div class=\"wp-block-cover alignwide hd\"><img loading=\"lazy\" decoding=\"async\" width=\"2282\" height=\"1283\" class=\"wp-block-cover__image-background wp-image-4518\" alt=\"\" src=\"https:\/\/www.okomeeter.eu\/fld\/2021\/02\/vladimir-malyutin-105283-unsplash.jpg\" style=\"object-position:50% 40%\" data-object-fit=\"cover\" data-object-position=\"50% 40%\" srcset=\"https:\/\/www.okomeeter.eu\/fld\/2021\/02\/vladimir-malyutin-105283-unsplash.jpg 2282w, https:\/\/www.okomeeter.eu\/fld\/2021\/02\/vladimir-malyutin-105283-unsplash-300x169.jpg 300w, https:\/\/www.okomeeter.eu\/fld\/2021\/02\/vladimir-malyutin-105283-unsplash-1024x576.jpg 1024w, https:\/\/www.okomeeter.eu\/fld\/2021\/02\/vladimir-malyutin-105283-unsplash-768x432.jpg 768w, https:\/\/www.okomeeter.eu\/fld\/2021\/02\/vladimir-malyutin-105283-unsplash-1536x864.jpg 1536w, https:\/\/www.okomeeter.eu\/fld\/2021\/02\/vladimir-malyutin-105283-unsplash-2048x1151.jpg 2048w\" sizes=\"auto, (max-width: 2282px) 100vw, 2282px\" \/><div class=\"wp-block-cover__inner-container is-layout-flow wp-block-cover-is-layout-flow\">\n<p class=\"has-text-align-center has-large-font-size\"><\/p>\n<\/div><\/div>\n\n<div style=\"height:50px\" aria-hidden=\"true\" class=\"wp-block-spacer\"><\/div>\n\n<h2 class=\"has-text-align-center hd wp-block-heading\">Naujienos<\/h2>\n\n<p class=\"has-text-align-center hd\">2015 metais bendrov\u0117 \u201e\u00d6komeeter O\u00dc\u201c savo prekes prad\u0117jo si\u016blyti Latvijoje ir Lietuvoje.<br\/>2018 metais \u201eKvick-Finn\u201c kultivatori\u0173 gamyba i\u0161 dalies buvo perkelta \u012f Estij\u0105. \u0160iuo metu juos Lasilos gyvenviet\u0117je gamina bendrov\u0117 \u201eAgrimet O\u00dc\u201c.<br\/>2019 metais pikt\u017eoli\u0173 pjovykli\u0173 gamintojas \u201eCombCut\u201c pakeit\u0117 pavadinim\u0105 \u012f \u201eLyckeg\u00e5rd Group AB\u201c.<br\/>2020 m. bendrov\u0117 \u201eLyckeg\u00e5rd Group AB\u201c \u012fsigijo visas teises \u012f \u201eKvickFinn\u201c kultivatorius, o \u012fmon\u0117 \u201e\u00d6komeeter O\u00dc\u201c yra \u201eLyckeg\u00e5rd Group AB\u201c atstov\u0117 Estijoje ir Latvijoje. Tais pa\u010diais metais preki\u0173 asortiment\u0105 papild\u0117 pikt\u017eoli\u0173 pjovykl\u0117 \u201eBionalan\u201c ir pa\u0161arin\u0117s mas\u0117s volas \u201eCrimperRoller\u201c.<br\/>2021 m. bendrov\u0117 \u201eLyckeg\u00e5rd Group AB\u201c \u012fsigijo universalios ekologi\u0161kos s\u0117jamosios \u201eCameleon System\u201c gamintoj\u0105 \u012fmon\u0119 \u201eGothia Redskap &amp; Ekov\u00e4xt AB\u201c.<\/p>\n\n<hr class=\"wp-block-separator has-text-color has-background 1920\" style=\"background-color:#1b794a;color:#1b794a\"\/>\n\n<div style=\"height:40px\" aria-hidden=\"true\" class=\"wp-block-spacer\"><\/div>\n\n<h3 class=\"has-text-align-center hd wp-block-heading\">Turite klausim\u0173?<\/h3>\n\n<div class=\"wp-block-buttons is-content-justification-center is-layout-flex wp-block-buttons-is-layout-flex\">\n<div class=\"wp-block-button\"><a class=\"wp-block-button__link\" href=\"https:\/\/www.okomeeter.eu\/lt\/kontaktai\/\" style=\"border-radius:2px\">Susisiekite su mumis<\/a><\/div>\n<\/div>\n\n<div class=\"wp-block-image\"><figure class=\"aligncenter\"><img decoding=\"async\" src=\"https:\/\/www.okomeeter.eu\/fld\/2021\/02\/Lyckegardwebsitelogo-300x70.png\" alt=\"Lyckegardwebsitelogo\"\/><\/figure><\/div>\n","protected":false},"excerpt":{"rendered":"<p>Apie bendrov\u0119 Nuo 2012 m. veikian\u010dios bendrov\u0117s \u201e\u00d6komeeter O\u00dc\u201c tikslas yra ekologiniams \u016bkiams pasi\u016blyti tvarius pikt\u017eoli\u0173 naikinimo sprendimus. Pirmieji si\u016blomi produktai buvo \u0161vedo Jono Carlssono i\u0161rasta pjovykl\u0117 \u201eCombCut\u201c ir suomio Boriso Lindgardo sukonstruotas ekologiniams \u016bkiams skirtas kultivatorius \u201eKvick-Finn\u201c. Pirmaisiais bendrov\u0117s veiklos metais Estijos \u016bkininkai \u012fsigijo tris \u017eoliapjoves ir du ekologi\u0161kus kultivatorius Naujienos 2015 metais bendrov\u0117 [&hellip;]<\/p>\n","protected":false},"author":2,"featured_media":0,"parent":0,"menu_order":0,"comment_status":"closed","ping_status":"closed","template":"","meta":{"zakra_page_container_layout":"customizer","zakra_page_sidebar_layout":"customizer","zakra_remove_content_margin":false,"zakra_sidebar":"customizer","zakra_transparent_header":"customizer","zakra_logo":0,"zakra_main_header_style":"default","zakra_menu_item_color":"","zakra_menu_item_hover_color":"","zakra_menu_item_active_color":"","zakra_menu_active_style":"","zakra_page_header":true,"advgb_blocks_editor_width":"","advgb_blocks_columns_visual_guide":"","footnotes":""},"class_list":["post-4514","page","type-page","status-publish","hentry"],"coauthors":[],"author_meta":{"author_link":"https:\/\/www.okomeeter.eu\/lt\/author\/adm1n\/","display_name":"Jan K"},"relative_dates":{"created":"Posted 4 metai ago","modified":"Updated 4 metai ago"},"absolute_dates":{"created":"Posted on 09.02.2022","modified":"Updated on 10.02.2022"},"absolute_dates_time":{"created":"Posted on 09.02.2022 13:06","modified":"Updated on 10.02.2022 11:44"},"featured_img_caption":"","featured_img":false,"series_order":"","_links":{"self":[{"href":"https:\/\/www.okomeeter.eu\/lt\/wp-json\/wp\/v2\/pages\/4514","targetHints":{"allow":["GET"]}}],"collection":[{"href":"https:\/\/www.okomeeter.eu\/lt\/wp-json\/wp\/v2\/pages"}],"about":[{"href":"https:\/\/www.okomeeter.eu\/lt\/wp-json\/wp\/v2\/types\/page"}],"author":[{"embeddable":true,"href":"https:\/\/www.okomeeter.eu\/lt\/wp-json\/wp\/v2\/users\/2"}],"replies":[{"embeddable":true,"href":"https:\/\/www.okomeeter.eu\/lt\/wp-json\/wp\/v2\/comments?post=4514"}],"version-history":[{"count":3,"href":"https:\/\/www.okomeeter.eu\/lt\/wp-json\/wp\/v2\/pages\/4514\/revisions"}],"predecessor-version":[{"id":4851,"href":"https:\/\/www.okomeeter.eu\/lt\/wp-json\/wp\/v2\/pages\/4514\/revisions\/4851"}],"wp:attachment":[{"href":"https:\/\/www.okomeeter.eu\/lt\/wp-json\/wp\/v2\/media?parent=4514"}],"curies":[{"name":"wp","href":"https:\/\/api.w.org\/{rel}","templated":true}]}}