{"id":4493,"date":"2022-02-09T13:02:33","date_gmt":"2022-02-09T11:02:33","guid":{"rendered":"https:\/\/www.okomeeter.eu\/pradzios-puslapis\/"},"modified":"2022-02-09T13:06:52","modified_gmt":"2022-02-09T11:06:52","slug":"pradzios-puslapis","status":"publish","type":"page","link":"https:\/\/www.okomeeter.eu\/lt\/","title":{"rendered":"Prad\u017eios puslapis"},"content":{"rendered":"\n<div class=\"wp-block-columns is-layout-flex wp-container-core-columns-is-layout-28f84493 wp-block-columns-is-layout-flex\">\n<div class=\"wp-block-column slaiderblok is-layout-flow wp-block-column-is-layout-flow\">\n<div class=\"wp-block-cover alignfull esileheslaid\"><img loading=\"lazy\" decoding=\"async\" width=\"2325\" height=\"1550\" class=\"wp-block-cover__image-background wp-image-4494\" alt=\"\" src=\"https:\/\/www.okomeeter.eu\/fld\/2021\/02\/DSC_0187_red2.jpg\" data-object-fit=\"cover\" srcset=\"https:\/\/www.okomeeter.eu\/fld\/2021\/02\/DSC_0187_red2.jpg 2325w, https:\/\/www.okomeeter.eu\/fld\/2021\/02\/DSC_0187_red2-300x200.jpg 300w, https:\/\/www.okomeeter.eu\/fld\/2021\/02\/DSC_0187_red2-1024x683.jpg 1024w, https:\/\/www.okomeeter.eu\/fld\/2021\/02\/DSC_0187_red2-768x512.jpg 768w, https:\/\/www.okomeeter.eu\/fld\/2021\/02\/DSC_0187_red2-1536x1024.jpg 1536w, https:\/\/www.okomeeter.eu\/fld\/2021\/02\/DSC_0187_red2-2048x1365.jpg 2048w\" sizes=\"auto, (max-width: 2325px) 100vw, 2325px\" \/><div class=\"wp-block-cover__inner-container is-layout-flow wp-block-cover-is-layout-flow\">\n<h1 class=\"has-text-align-center wp-block-heading\"><strong>Naikinkime pikt\u017eoles ekologi\u0161kai!<\/strong><\/h1>\n\n\n\n<p class=\"has-text-align-center\">Mes pad\u0117sime jums naikinti pikt\u017eoles aplink\u0105 tausojan\u010diu b\u016bdu.<\/p>\n\n\n\n<div class=\"wp-block-buttons is-content-justification-center is-layout-flex wp-block-buttons-is-layout-flex\">\n<div class=\"wp-block-button\"><a class=\"wp-block-button__link\" href=\"https:\/\/www.okomeeter.eu\/lt\/kontaktai\/\" style=\"border-radius:2px\">Susisiekite su mumis<\/a><\/div>\n<\/div>\n<\/div><\/div>\n\n\n\n<div class=\"wp-block-buttons is-content-justification-center is-layout-flex wp-block-buttons-is-layout-flex\"><\/div>\n<\/div>\n<\/div>\n\n<div class=\"wp-block-columns is-layout-flex wp-container-core-columns-is-layout-28f84493 wp-block-columns-is-layout-flex\">\n<div class=\"wp-block-column is-layout-flow wp-block-column-is-layout-flow\" style=\"flex-basis:25%\"><\/div>\n\n\n\n<div class=\"wp-block-column is-layout-flow wp-block-column-is-layout-flow\" style=\"flex-basis:50%\">\n<h3 class=\"has-text-align-center wp-block-heading\">Prisidedame prie tvaraus \u017eem\u0117s \u016bkio ir maisto gamybos.<\/h3>\n\n\n\n<p class=\"has-text-align-center\">Norime prisid\u0117ti prie sveiko ir ekologi\u0161kai tvaraus maisto gamybos, kuri yra naudinga visiems \u2013 gamintojui, vartotojui ir aplinkai. Savo \u017einiomis ir produktais siekiame suteikti \u016bkininkams tinkamas ekonomin\u0119 ir asmenin\u0119 gerov\u0119 sukurian\u010dias bei sveik\u0105 maist\u0105 vartotojams suteikian\u010dias priemones.<\/p>\n<\/div>\n\n\n\n<div class=\"wp-block-column is-layout-flow wp-block-column-is-layout-flow\" style=\"flex-basis:25%\"><\/div>\n<\/div>\n\n<hr class=\"wp-block-separator has-text-color has-background is-style-wide\" style=\"background-color:#1b794a;color:#1b794a\"\/>\n\n<div style=\"height:40px\" aria-hidden=\"true\" class=\"wp-block-spacer\"><\/div>\n\n<h2 class=\"has-text-align-center wp-block-heading\">M\u016bs\u0173 \u012frenginiai<\/h2>\n\n<div class=\"wp-block-columns is-layout-flex wp-container-core-columns-is-layout-28f84493 wp-block-columns-is-layout-flex\">\n<div class=\"wp-block-column is-layout-flow wp-block-column-is-layout-flow\">\n<div class=\"wp-block-columns is-layout-flex wp-container-core-columns-is-layout-28f84493 wp-block-columns-is-layout-flex\">\n<div class=\"wp-block-column is-layout-flow wp-block-column-is-layout-flow\">\n<figure class=\"wp-block-image size-large\"><a href=\"https:\/\/www.okomeeter.eu\/lt\/combcut\/\"><img loading=\"lazy\" decoding=\"async\" width=\"1000\" height=\"666\" src=\"https:\/\/www.okomeeter.eu\/fld\/2021\/02\/DSC_0214.jpg\" alt=\"\" class=\"wp-image-4497\" srcset=\"https:\/\/www.okomeeter.eu\/fld\/2021\/02\/DSC_0214.jpg 1000w, https:\/\/www.okomeeter.eu\/fld\/2021\/02\/DSC_0214-300x200.jpg 300w, https:\/\/www.okomeeter.eu\/fld\/2021\/02\/DSC_0214-768x511.jpg 768w\" sizes=\"auto, (max-width: 1000px) 100vw, 1000px\" \/><\/a><\/figure>\n\n\n\n<h3 class=\"wp-block-heading\"><a href=\"https:\/\/www.okomeeter.eu\/lt\/combcut\/\" data-type=\"page\" data-id=\"3678\">CombCut<\/a><\/h3>\n<\/div>\n\n\n\n<div class=\"wp-block-column is-layout-flow wp-block-column-is-layout-flow\">\n<figure class=\"wp-block-image size-large\"><img loading=\"lazy\" decoding=\"async\" width=\"1000\" height=\"662\" src=\"https:\/\/www.okomeeter.eu\/fld\/2021\/02\/DSC_0448.jpg\" alt=\"\" class=\"wp-image-4500\" srcset=\"https:\/\/www.okomeeter.eu\/fld\/2021\/02\/DSC_0448.jpg 1000w, https:\/\/www.okomeeter.eu\/fld\/2021\/02\/DSC_0448-300x199.jpg 300w, https:\/\/www.okomeeter.eu\/fld\/2021\/02\/DSC_0448-768x508.jpg 768w\" sizes=\"auto, (max-width: 1000px) 100vw, 1000px\" \/><\/figure>\n\n\n\n<h3 class=\"wp-block-heading\"><a href=\"https:\/\/www.okomeeter.eu\/lt\/crimperroller\/\" data-type=\"page\" data-id=\"3683\">CrimperRoller<\/a><\/h3>\n<\/div>\n\n\n\n<div class=\"wp-block-column is-layout-flow wp-block-column-is-layout-flow\">\n<figure class=\"wp-block-image size-large\"><img loading=\"lazy\" decoding=\"async\" width=\"1000\" height=\"666\" src=\"https:\/\/www.okomeeter.eu\/fld\/2021\/02\/IMG_4879.jpg\" alt=\"\" class=\"wp-image-4503\" srcset=\"https:\/\/www.okomeeter.eu\/fld\/2021\/02\/IMG_4879.jpg 1000w, https:\/\/www.okomeeter.eu\/fld\/2021\/02\/IMG_4879-300x200.jpg 300w, https:\/\/www.okomeeter.eu\/fld\/2021\/02\/IMG_4879-768x511.jpg 768w\" sizes=\"auto, (max-width: 1000px) 100vw, 1000px\" \/><\/figure>\n\n\n\n<h3 class=\"wp-block-heading\"><a href=\"https:\/\/www.okomeeter.eu\/lt\/kvickfinn\/\">\u201eKvickFinn\u201c<\/a><\/h3>\n<\/div>\n<\/div>\n<\/div>\n<\/div>\n\n<div class=\"wp-block-columns is-layout-flex wp-container-core-columns-is-layout-28f84493 wp-block-columns-is-layout-flex\">\n<div class=\"wp-block-column is-layout-flow wp-block-column-is-layout-flow\">\n<figure class=\"wp-block-image size-large\"><img loading=\"lazy\" decoding=\"async\" width=\"1000\" height=\"666\" src=\"https:\/\/www.okomeeter.eu\/fld\/2021\/02\/BionalanNy_Beskard.jpg\" alt=\"\" class=\"wp-image-4506\" srcset=\"https:\/\/www.okomeeter.eu\/fld\/2021\/02\/BionalanNy_Beskard.jpg 1000w, https:\/\/www.okomeeter.eu\/fld\/2021\/02\/BionalanNy_Beskard-300x200.jpg 300w, https:\/\/www.okomeeter.eu\/fld\/2021\/02\/BionalanNy_Beskard-768x511.jpg 768w\" sizes=\"auto, (max-width: 1000px) 100vw, 1000px\" \/><\/figure>\n\n\n\n<h3 class=\"wp-block-heading\"><a href=\"https:\/\/www.okomeeter.eu\/lt\/bionalan\/\">Bionalan<\/a><\/h3>\n<\/div>\n\n\n\n<div class=\"wp-block-column is-layout-flow wp-block-column-is-layout-flow\">\n<figure class=\"wp-block-image size-large\"><img loading=\"lazy\" decoding=\"async\" width=\"1024\" height=\"683\" src=\"https:\/\/www.okomeeter.eu\/fld\/2021\/05\/system-cameleon-1-1024x683.png\" alt=\"\" class=\"wp-image-4509\" srcset=\"https:\/\/www.okomeeter.eu\/fld\/2021\/05\/system-cameleon-1-1024x683.png 1024w, https:\/\/www.okomeeter.eu\/fld\/2021\/05\/system-cameleon-1-300x200.png 300w, https:\/\/www.okomeeter.eu\/fld\/2021\/05\/system-cameleon-1-768x512.png 768w, https:\/\/www.okomeeter.eu\/fld\/2021\/05\/system-cameleon-1.png 1230w\" sizes=\"auto, (max-width: 1024px) 100vw, 1024px\" \/><\/figure>\n\n\n\n<h3 class=\"wp-block-heading\"><a href=\"https:\/\/www.okomeeter.eu\/lt\/system-cameleon\/\" data-type=\"page\" data-id=\"4277\">System Cameleon<\/a><\/h3>\n<\/div>\n\n\n\n<div class=\"wp-block-column is-layout-flow wp-block-column-is-layout-flow\"><\/div>\n<\/div>\n\n<hr class=\"wp-block-separator has-text-color has-background is-style-wide\" style=\"background-color:#1b794a;color:#1b794a\"\/>\n\n<div style=\"height:40px\" aria-hidden=\"true\" class=\"wp-block-spacer\"><\/div>\n\n<h1 class=\"has-text-align-center wp-block-heading\"><strong>Pageidaujate daugiau informacijos?<\/strong>\u00a0<\/h1>\n\n<div class=\"wp-block-buttons is-content-justification-center is-layout-flex wp-block-buttons-is-layout-flex\">\n<div class=\"wp-block-button\"><a class=\"wp-block-button__link\" href=\"https:\/\/www.okomeeter.eu\/lt\/kontaktai\/\" style=\"border-radius:2px\">Susisiekite su mumis<\/a><\/div>\n<\/div>\n\n<p><\/p>\n","protected":false},"excerpt":{"rendered":"<p>Prisidedame prie tvaraus \u017eem\u0117s \u016bkio ir maisto gamybos. Norime prisid\u0117ti prie sveiko ir ekologi\u0161kai tvaraus maisto gamybos, kuri yra naudinga visiems \u2013 gamintojui, vartotojui ir aplinkai. Savo \u017einiomis ir produktais siekiame suteikti \u016bkininkams tinkamas ekonomin\u0119 ir asmenin\u0119 gerov\u0119 sukurian\u010dias bei sveik\u0105 maist\u0105 vartotojams suteikian\u010dias priemones. M\u016bs\u0173 \u012frenginiai CombCut CrimperRoller \u201eKvickFinn\u201c Bionalan System Cameleon Pageidaujate daugiau [&hellip;]<\/p>\n","protected":false},"author":2,"featured_media":0,"parent":0,"menu_order":0,"comment_status":"closed","ping_status":"closed","template":"","meta":{"zakra_page_container_layout":"customizer","zakra_page_sidebar_layout":"customizer","zakra_remove_content_margin":false,"zakra_sidebar":"customizer","zakra_transparent_header":"customizer","zakra_logo":0,"zakra_main_header_style":"default","zakra_menu_item_color":"","zakra_menu_item_hover_color":"","zakra_menu_item_active_color":"","zakra_menu_active_style":"","zakra_page_header":true,"advgb_blocks_editor_width":"","advgb_blocks_columns_visual_guide":"","footnotes":""},"class_list":["post-4493","page","type-page","status-publish","hentry"],"coauthors":[],"author_meta":{"author_link":"https:\/\/www.okomeeter.eu\/lt\/author\/adm1n\/","display_name":"Jan K"},"relative_dates":{"created":"Posted 4 metai ago","modified":"Updated 4 metai ago"},"absolute_dates":{"created":"Posted on 09.02.2022","modified":"Updated on 09.02.2022"},"absolute_dates_time":{"created":"Posted on 09.02.2022 13:02","modified":"Updated on 09.02.2022 13:06"},"featured_img_caption":"","featured_img":false,"series_order":"","_links":{"self":[{"href":"https:\/\/www.okomeeter.eu\/lt\/wp-json\/wp\/v2\/pages\/4493","targetHints":{"allow":["GET"]}}],"collection":[{"href":"https:\/\/www.okomeeter.eu\/lt\/wp-json\/wp\/v2\/pages"}],"about":[{"href":"https:\/\/www.okomeeter.eu\/lt\/wp-json\/wp\/v2\/types\/page"}],"author":[{"embeddable":true,"href":"https:\/\/www.okomeeter.eu\/lt\/wp-json\/wp\/v2\/users\/2"}],"replies":[{"embeddable":true,"href":"https:\/\/www.okomeeter.eu\/lt\/wp-json\/wp\/v2\/comments?post=4493"}],"version-history":[{"count":4,"href":"https:\/\/www.okomeeter.eu\/lt\/wp-json\/wp\/v2\/pages\/4493\/revisions"}],"predecessor-version":[{"id":4618,"href":"https:\/\/www.okomeeter.eu\/lt\/wp-json\/wp\/v2\/pages\/4493\/revisions\/4618"}],"wp:attachment":[{"href":"https:\/\/www.okomeeter.eu\/lt\/wp-json\/wp\/v2\/media?parent=4493"}],"curies":[{"name":"wp","href":"https:\/\/api.w.org\/{rel}","templated":true}]}}